{"id":128,"date":"2017-02-27T10:52:09","date_gmt":"2017-02-27T10:52:09","guid":{"rendered":"http:\/\/valenseumh.cluster020.hosting.ovh.net\/?page_id=128\/"},"modified":"2021-04-09T10:00:00","modified_gmt":"2021-04-09T10:00:00","slug":"credits","status":"publish","type":"page","link":"https:\/\/art.eiffage.be\/fr\/credits\/","title":{"rendered":"Cr\u00e9dits"},"content":{"rendered":"<h2>Cr\u00e9dits &#8211; Photographes\/Architectes<\/h2>\n<p>[su_row]<br \/>\n[su_column size=\u00a0\u00bb1\/3&Prime;]<br \/>\nHOME PAGE<br \/>\nLGV\/HSL Herve-Battice<br \/>\nVALENS<\/p>\n<p>CONTACT<br \/>\nSi\u00e8ge social Valens SA<br \/>\nAtelier d&rsquo;Art Urbain (photographe et architecte)<\/p>\n<p>BANNI\u00c8RE PR\u00c9SENTATION<br \/>\nMus\u00e9e des Instruments de Musique &#8211; Bruxelles (Old England)<br \/>\nVALENS<\/p>\n<p>Wolubilis &#8211; Bruxelles<br \/>\nCall Agency<br \/>\nA.2R.C<\/p>\n<p>Parlement europ\u00e9en &#8211; Bruxelles<br \/>\nVALENS<br \/>\nAtelier Espace L\u00e9opold<\/p>\n<p>BANNI\u00c8RE ACTIVIT\u00c9S<br \/>\nLogements Rolin &#8211; Bruxelles<br \/>\nVALENS<br \/>\nASSAR<\/p>\n<p>Viaduc LGV &#8211; La Calamine<br \/>\nCLAIR OBSCUR<\/p>\n<p>A.RF.I. &#8211; travaux de d\u00e9samiantage<br \/>\nVALENS<\/p>\n<p>Biblioth\u00e8que Solvay &#8211; Bruxelles<br \/>\nS.D.R.B.<br \/>\nAtelier d&rsquo;Architecture Deleuze, Metzger et Associ\u00e9s<\/p>\n<p>B\u00c2TIMENT<br \/>\nLEX 2000 &#8211; Bruxelles<br \/>\nVALENS<br \/>\nM. et J.M. Jaspers &#8211; J. Eyers et Partners<\/p>\n<p>GlaxoSmithKline &#8211; Wavre<br \/>\nCLAIR OBSCUR<br \/>\nARC-ASSAR-COGET-TCA<\/p>\n<p>TOUR V.R.T.<br \/>\nH. TIMMERMAN<br \/>\nDE GREGORIO &amp; PARTNERS<\/p>\n<p>M\u00c9TRO ROI BAUDOUIN &#8211; Bruxelles<br \/>\nVALENS<br \/>\nGROUPE STRUCTURES<\/p>\n<p>LGV SCHOTEN<br \/>\nVALENS<\/p>\n<p>VTA<br \/>\nCLAIR OBSCUR<\/p>\n<p>Environnement page 4<br \/>\nIPALLE &#8211; THUMAIDE<br \/>\nGLAVIE<br \/>\nJ. CHRISTIAENS<\/p>\n<p>INTERCOMPOST &#8211; Installation de compostage &#8211; Bilzen<br \/>\nGLAVIE<br \/>\nTEKTON<\/p>\n<p>ITRADEC<br \/>\nGLAVIE<\/p>\n<p>G\u00e9nie civil page 3<br \/>\nVIADUC LGV HERVE-BATTICE<br \/>\nVALENS<\/p>\n<p>Biblioth\u00e8que Solvay<br \/>\nS.D.R.B.<br \/>\nAtelier d&rsquo;Architecture Deleuze, Metzger et Associ\u00e9s<\/p>\n<p>[\/su_column]<br \/>\n[su_column size=\u00a0\u00bb1\/3&Prime;]<\/p>\n<p>Clinique Saint-Jean &#8211; Bruxelles<br \/>\nVALENS<br \/>\nBureau d&rsquo;Architecture Emile Verhaegen<\/p>\n<p>La Plaine &#8211; Bruxelles<br \/>\nCLAIR OBSCUR<br \/>\nMONTOIS-ATELIER CERAU : ATELIER QUATR&rsquo;A<\/p>\n<p>G\u00c9NIE CIVIL<br \/>\nVRT-St-Pieters-Leeuw<br \/>\nH. TIMMERMAN<br \/>\nDE GREGORIO &amp; PARTNERS<\/p>\n<p>Viaduc LGV &#8211; La Calamine<br \/>\nCLAIR OBSCUR<\/p>\n<p>Viaduc LGV &#8211; Arbre<br \/>\nCLAIR OBSCUR<\/p>\n<p>LGV &#8211; Schoten<br \/>\nVALENS<\/p>\n<p>R\u00c9NOVATION<br \/>\nMinist\u00e8re Affaires Int\u00e9rieures &#8211; Bruxelles<br \/>\nGLAVIE<br \/>\nBureau d&rsquo;Architecture Ch. Herfurth<\/p>\n<p>Ath\u00e9n\u00e9e Royal de Berkendael<br \/>\nCLAIR OBSCUR<br \/>\nART &amp; BUILD<\/p>\n<p>Vlaams Parlement &#8211; Bruxelles<br \/>\nCLAIR OBSCUR<br \/>\nSUM PROJECT<\/p>\n<p>O.N.P. (Tour du Midi) &#8211; Bruxelles<br \/>\nVALENS<br \/>\nS.M. ETM<\/p>\n<p>RESTAURATION<br \/>\nCh\u00e2teau de Seneffe<br \/>\nCLAIR OBSCUR<\/p>\n<p>Maison Delune &#8211; Bruxelles<br \/>\nGLAVIE<br \/>\nAtelier d&rsquo;Architecture Deleuze, Metzger et Associ\u00e9s<\/p>\n<p>Palais des Acad\u00e9mies &#8211; Bruxelles<br \/>\nR\u00e9gie des B\u00e2timents<br \/>\nARCHITECTE DELERS<\/p>\n<p>Mus\u00e9e de la Bande Dessin\u00e9e (Magasins Waucquez) &#8211; Bruxelles<br \/>\nPHILIPPART<\/p>\n<p>ENVIRONNEMENT<br \/>\nITRADEC &#8211; Havr\u00e9<br \/>\nGLAVIE<\/p>\n<p>IPALLE &#8211; Traitement de fum\u00e9es et de m\u00e2chefers &#8211; Thumaide<br \/>\nGLAVIE<br \/>\nJ. CHRISTIAENS<\/p>\n<p>INTERCOMPOST &#8211; Installation de compostage &#8211; Bilzen<br \/>\nGLAVIE<br \/>\nTEKTON<\/p>\n<p>IVVVA &#8211; Installation de compostage &#8211; Maasmechelen<br \/>\nGLAVIE<br \/>\nTEKTON<\/p>\n<p>Maison Delune<br \/>\nGLAVIE<br \/>\nAtelier d&rsquo;Architecture Deleuze, Metzger et Associ\u00e9s<br \/>\n[\/su_column]<br \/>\n[su_column size=\u00a0\u00bb1\/3&Prime;]<\/p>\n<p>BANNI\u00c8RE NOS ATOUTS<br \/>\nLUCCA &#8211; Bruxelles<br \/>\nGLAVIE<br \/>\nBUREAU ATLANTE<\/p>\n<p>VRT-St-Pieters-Leeuw<br \/>\nH. TIMMERMAN<br \/>\nDE GREGORIO &amp; PARTNERS<\/p>\n<p>PX Gare de Namur<br \/>\nVALENS<\/p>\n<p>\u00c9QUIPEMENT<br \/>\nD\u00e9p\u00f4t de Str\u00e9e<br \/>\nSOFICOM<\/p>\n<p>D\u00e9p\u00f4t de Gentbrugge<br \/>\nSOFICOM<\/p>\n<p>BANNI\u00c8RE RESSOURCES HUMAINES<br \/>\nCLAIR OBSCUR<\/p>\n<p>Abbaye de Villers-la-Ville<br \/>\nCLAIR OBSCUR<\/p>\n<p>Sofitel Brussels Europe<br \/>\nSOFITEL-ACCOR<br \/>\nSM Atelier d&rsquo;Architecture R &amp; A Mahieu-M. et J.M. Jaspers-J. Eyers et Partners Studio Brussel<\/p>\n<p>M\u00c9C\u00c9NAT<br \/>\nAbbaye de Villers-la-Ville Thyl Uilenspiegel<br \/>\nDEL DIFFUSION<\/p>\n<p>Abbaye de Villers-la-Ville J\u00e9sus-Christ Superstar<br \/>\nDEL DIFFUSION<\/p>\n<p>Abbaye de Villers-la-Ville Cyrano de Bergerac<br \/>\nDEL DIFFUSION<\/p>\n<p>Abbaye de Villers-la-Ville Dom Juan<br \/>\nDEL DIFFUSION<\/p>\n<p>R\u00c9F\u00c9RENCES<br \/>\nB\u00e2timent page 1<br \/>\nWolubilis &#8211; Bruxelles<br \/>\nCALL AGENCY<br \/>\nA.2R.C<\/p>\n<p>LEX 2000 &#8211; Bruxelles<br \/>\nCLAIR OBSCUR<br \/>\nM. et J.M. Jaspers &#8211; J. Eyers et Partners<\/p>\n<p>H\u00d4TEL SOFITEL<br \/>\nSOFITEL-ACCOR<br \/>\nSM Atelier d&rsquo;Architecture R &amp; A Mahieu-M. et J.M. Jaspers-J. Eyers et Partners<\/p>\n<p>ESPACE ROLIN<br \/>\nVALENS<br \/>\nASSAR<\/p>\n<p>BRUSSELS AIRPORT<br \/>\nVALENS<\/p>\n<p>B\u00e2timent page 2<br \/>\nATELIER DE MAINTENANCE &#8211; SNCB<br \/>\nCLAIR OBSCUR<\/p>\n<p>CENTRE LOGISTIQUE SNCB -ANS<br \/>\nVALENS<\/p>\n<p>Mus\u00e9e des Instruments de Musique &#8211; Bruxelles (Old England)<br \/>\nVALENS<\/p>\n<p>[\/su_column]<br \/>\n[\/su_row]<\/p>\n","protected":false},"excerpt":{"rendered":"<p>Cr\u00e9dits &#8211; Photographes\/Architectes [su_row] [su_column size=\u00a0\u00bb1\/3&Prime;] HOME PAGE LGV\/HSL Herve-Battice VALENS CONTACT Si\u00e8ge social Valens SA Atelier d&rsquo;Art Urbain (photographe et architecte) BANNI\u00c8RE PR\u00c9SENTATION Mus\u00e9e des Instruments de Musique &#8211; Bruxelles (Old England) VALENS Wolubilis &#8211; Bruxelles Call Agency A.2R.C Parlement europ\u00e9en &#8211; Bruxelles VALENS Atelier Espace L\u00e9opold BANNI\u00c8RE ACTIVIT\u00c9S Logements Rolin &#8211; Bruxelles VALENS [&hellip;]<\/p>\n","protected":false},"author":1,"featured_media":0,"parent":0,"menu_order":17,"comment_status":"closed","ping_status":"closed","template":"","meta":{"footnotes":""},"class_list":["post-128","page","type-page","status-publish","hentry"],"_links":{"self":[{"href":"https:\/\/art.eiffage.be\/fr\/wp-json\/wp\/v2\/pages\/128","targetHints":{"allow":["GET"]}}],"collection":[{"href":"https:\/\/art.eiffage.be\/fr\/wp-json\/wp\/v2\/pages"}],"about":[{"href":"https:\/\/art.eiffage.be\/fr\/wp-json\/wp\/v2\/types\/page"}],"author":[{"embeddable":true,"href":"https:\/\/art.eiffage.be\/fr\/wp-json\/wp\/v2\/users\/1"}],"replies":[{"embeddable":true,"href":"https:\/\/art.eiffage.be\/fr\/wp-json\/wp\/v2\/comments?post=128"}],"version-history":[{"count":1,"href":"https:\/\/art.eiffage.be\/fr\/wp-json\/wp\/v2\/pages\/128\/revisions"}],"predecessor-version":[{"id":3208,"href":"https:\/\/art.eiffage.be\/fr\/wp-json\/wp\/v2\/pages\/128\/revisions\/3208"}],"wp:attachment":[{"href":"https:\/\/art.eiffage.be\/fr\/wp-json\/wp\/v2\/media?parent=128"}],"curies":[{"name":"wp","href":"https:\/\/api.w.org\/{rel}","templated":true}]}}