{"id":1439,"date":"2017-08-23T08:28:22","date_gmt":"2017-08-23T08:28:22","guid":{"rendered":"http:\/\/valenseumh.cluster020.hosting.ovh.net\/?page_id=1439\/"},"modified":"2021-05-20T07:20:21","modified_gmt":"2021-05-20T07:20:21","slug":"qui-sommes-nous","status":"publish","type":"page","link":"https:\/\/art.eiffage.be\/fr\/qui-sommes-nous\/","title":{"rendered":"Qui sommes-nous?"},"content":{"rendered":"\n<div class=\"wp-block-group alignfull animate_me has-background\" style=\"background-color:#f3f3f3\"><div class=\"wp-block-group__inner-container is-layout-flow wp-block-group-is-layout-flow\">\n<div style=\"height:35px\" aria-hidden=\"true\" class=\"wp-block-spacer\"><\/div>\n\n\n\n<h2 class=\"wp-block-heading\">Qui sommes-nous ?<\/h2>\n\n\n\n<div class=\"wp-block-image is-style-rounded\"><figure class=\"alignright size-large\"><img loading=\"lazy\" decoding=\"async\" width=\"361\" height=\"361\" src=\"https:\/\/art.eiffage.be\/wp-content\/uploads\/2021\/04\/image_2021_04_09T07_14_53_113Z.png\" alt=\"\" class=\"wp-image-3200\" srcset=\"https:\/\/art.eiffage.be\/wp-content\/uploads\/2021\/04\/image_2021_04_09T07_14_53_113Z.png 361w, https:\/\/art.eiffage.be\/wp-content\/uploads\/2021\/04\/image_2021_04_09T07_14_53_113Z-150x150.png 150w, https:\/\/art.eiffage.be\/wp-content\/uploads\/2021\/04\/image_2021_04_09T07_14_53_113Z-60x60.png 60w\" sizes=\"auto, (max-width: 361px) 100vw, 361px\" \/><\/figure><\/div>\n\n\n\n<p>Lorem ipsum dolor sit amet, consectetur adipiscing elit. Aliquam sollicitudin erat metus, ut posuere eros semper sed. Suspendisse urna ex, ultrices et suscipit sed, tincidunt quis turpis. Morbi eget sapien congue sem laoreet iaculis id sit amet orci. Aenean sagittis turpis eget justo tempor, a congue mi dapibus. Sed non venenatis nulla. Fusce eget mi ullamcorper, lobortis diam id, pulvinar sapien. Sed ornare metus lorem, id placerat elit fermentum sit amet. Phasellus interdum sapien et nunc efficitur, nec pulvinar nisi feugiat. In non eros id ante vulputate pulvinar quis vitae mauris. Mauris convallis dapibus luctus. Curabitur nec sapien mi. Maecenas a ultricies nunc. Mauris cursus finibus lobortis. Curabitur ultricies aliquet sapien nec fringilla.<\/p>\n\n\n\n<div style=\"height:35px\" aria-hidden=\"true\" class=\"wp-block-spacer\"><\/div>\n<\/div><\/div>\n\n\n\n<h2 class=\"has-text-align-center wp-block-heading\"><strong>Une vision d\u2019avenir<\/strong><\/h2>\n\n\n\n<p class=\"has-text-align-center\"><em>ART est une entreprise g\u00e9n\u00e9rale de construction qui b\u00e9n\u00e9ficie d\u2019une exp\u00e9rience de plus de 25 ans dans le domaine de la construction, de la r\u00e9novation et de la restauration. Cette exp\u00e9rience nous a permis de diversifier nos activit\u00e9s, de mani\u00e8re \u00e0 apporter une r\u00e9ponse professionnelle et personnalis\u00e9e \u00e0 nos clients particuliers et professionnels.<\/em><\/p>\n\n\n\n<p><\/p>\n\n\n\n<h2 class=\"has-text-align-center wp-block-heading\">Nos valeurs<\/h2>\n\n\n\n<div class=\"wp-block-group animate_me\"><div class=\"wp-block-group__inner-container is-layout-flow wp-block-group-is-layout-flow\">\n<div class=\"wp-block-columns is-layout-flex wp-container-core-columns-is-layout-9d6595d7 wp-block-columns-is-layout-flex\">\n<div class=\"wp-block-column is-layout-flow wp-block-column-is-layout-flow\">\n<div class=\"wp-block-image\"><figure class=\"aligncenter size-large is-resized\"><img decoding=\"async\" src=\"https:\/\/art.eiffage.be\/wp-content\/uploads\/2021\/04\/icon-exemplaire-1.jpg\" alt=\"\" class=\"wp-image-2941\" width=\"25\"\/><\/figure><\/div>\n\n\n\n<h3 class=\"has-text-align-center wp-block-heading\">Exemplarit\u00e9<\/h3>\n\n\n\n<p class=\"has-text-align-center\">Chez <strong>ART<\/strong> et Eiffage, l\u2019exemplarit\u00e9 est la base du respect de l\u2019autre. A travers elle, les valeurs du Groupe deviennent concr\u00e8tes. Nous ne demandons pas aux autres ce que l\u2019on ne s\u2019imposerait pas \u00e0 soi-m\u00eame. Quelles que soient les circonstances, nous agissons de fa\u00e7on \u00e9thique, en conscience et dans le strict respect des r\u00e8gles.<\/p>\n<\/div>\n\n\n\n<div class=\"wp-block-column is-layout-flow wp-block-column-is-layout-flow\">\n<div class=\"wp-block-image\"><figure class=\"aligncenter size-large is-resized\"><img decoding=\"async\" src=\"https:\/\/art.eiffage.be\/wp-content\/uploads\/2021\/04\/icon-responsable.jpg\" alt=\"\" class=\"wp-image-2947\" width=\"28\"\/><\/figure><\/div>\n\n\n\n<h3 class=\"has-text-align-center wp-block-heading\">Responsabilit\u00e9<\/h3>\n\n\n\n<p class=\"has-text-align-center\">Chez&nbsp;<strong>ART<\/strong>&nbsp;et Eiffage, chacun \u00e0 son niveau repr\u00e9sente et engage le Groupe, chacun \u00e0 son niveau est garant des ressources humaines et mat\u00e9rielles dont on lui a confi\u00e9 la charge. A travers la responsabilisation, l\u2019autonomie est pr\u00e9serv\u00e9e, d\u00e9cisions et prise d\u2019initiatives sont encourag\u00e9es au plus proche du terrain.<\/p>\n<\/div>\n<\/div>\n\n\n\n<div class=\"wp-block-columns is-layout-flex wp-container-core-columns-is-layout-9d6595d7 wp-block-columns-is-layout-flex\">\n<div class=\"wp-block-column is-layout-flow wp-block-column-is-layout-flow\">\n<div class=\"wp-block-image\"><figure class=\"aligncenter size-large is-resized\"><img decoding=\"async\" src=\"https:\/\/art.eiffage.be\/wp-content\/uploads\/2021\/04\/icon-lucide.jpg\" alt=\"\" class=\"wp-image-2957\" width=\"35\"\/><\/figure><\/div>\n\n\n\n<h3 class=\"has-text-align-center wp-block-heading\">Lucidit\u00e9<\/h3>\n\n\n\n<p class=\"has-text-align-center\">\u00catre collaborateur <strong>ART<\/strong> et Eiffage, c\u2019est voir et exprimer les choses avec clart\u00e9 et justesse en ayant conscience de ses capacit\u00e9s mais \u00e9galement de ses limites. Cela permet la juste \u00e9valuation des risques et la mobilisation des ressources requises. La lucidit\u00e9 apporte la garantie d\u2019objectifs r\u00e9alisables et d\u2019engagements tenus.<\/p>\n<\/div>\n\n\n\n<div class=\"wp-block-column is-layout-flow wp-block-column-is-layout-flow\">\n<div class=\"wp-block-image\"><figure class=\"aligncenter size-large is-resized\"><img decoding=\"async\" src=\"https:\/\/art.eiffage.be\/wp-content\/uploads\/2021\/04\/icon-courage.jpg\" alt=\"\" class=\"wp-image-2960\" width=\"45\"\/><\/figure><\/div>\n\n\n\n<h3 class=\"has-text-align-center wp-block-heading\">Courage &amp; pugnacit\u00e9<\/h3>\n\n\n\n<p class=\"has-text-align-center\">\u00catre collaborateur <strong>ART<\/strong> et Eiffage, c\u2019est s\u2019engager avec enthousiasme au service des projets, avec pers\u00e9v\u00e9rance et pugnacit\u00e9, mais sans obstination et avoir la force d\u2019affronter et de surmonter les difficult\u00e9s. C\u2019est aussi savoir faire preuve de courage manag\u00e9rial vis-\u00e0-vis de ses collaborateurs.<\/p>\n<\/div>\n<\/div>\n\n\n\n<div class=\"wp-block-columns is-layout-flex wp-container-core-columns-is-layout-9d6595d7 wp-block-columns-is-layout-flex\">\n<div class=\"wp-block-column is-layout-flow wp-block-column-is-layout-flow\">\n<div class=\"wp-block-image\"><figure class=\"aligncenter size-large is-resized\"><img decoding=\"async\" src=\"https:\/\/art.eiffage.be\/wp-content\/uploads\/2021\/04\/icon-confiance.jpg\" alt=\"\" class=\"wp-image-2950\" width=\"55\"\/><\/figure><\/div>\n\n\n\n<h3 class=\"has-text-align-center wp-block-heading\">Confiance<\/h3>\n\n\n\n<p class=\"has-text-align-center\">Chez <strong>ART<\/strong> et Eiffage, tout collaborateur b\u00e9n\u00e9ficie de la confiance de sa hi\u00e9rarchie, qui le soutiendra aussi face aux difficult\u00e9s. Les actions sont collectives et ne se construisent pas aux d\u00e9pens des autres. La confiance est une marque de reconnaissance, c&rsquo;est le ciment de la coh\u00e9sion et participe de l&rsquo;\u00e9panouissement de chacun. La confiance r\u00e9git aussi la relation d&rsquo;Eiffage avec ses parties prenantes et favorise un partenariat de long terme.<\/p>\n<\/div>\n\n\n\n<div class=\"wp-block-column is-layout-flow wp-block-column-is-layout-flow\">\n<div class=\"wp-block-image\"><figure class=\"aligncenter size-large is-resized\"><img decoding=\"async\" src=\"https:\/\/art.eiffage.be\/wp-content\/uploads\/2021\/04\/icon-transparence.jpg\" alt=\"\" class=\"wp-image-2954\" width=\"35\"\/><\/figure><\/div>\n\n\n\n<h3 class=\"has-text-align-center wp-block-heading\">Transparence<\/h3>\n\n\n\n<p class=\"has-text-align-center\">Chez <strong>ART<\/strong> et Eiffage, les enjeux sont partag\u00e9s. Chacun sait ce que l\u2019on attend de lui et ce qu\u2019il peut attendre des autres. La confiance exige de la transparence. L\u2019information donn\u00e9e est fiable et exhaustive. Elle doit \u00eatre transmise promptement. Dissimulation et falsification ne sont pas accept\u00e9es. Chacun doit assumer les cons\u00e9quences de ses actes. L\u2019erreur est admise ; seule sa r\u00e9p\u00e9tition en fait une faute.<\/p>\n<\/div>\n<\/div>\n<\/div><\/div>\n\n\n\n<div style=\"height:40px\" aria-hidden=\"true\" class=\"wp-block-spacer\"><\/div>\n\n\n\n<div class=\"wp-block-group alignfull animate_me has-background\" style=\"background-color:#f3f3f3\"><div class=\"wp-block-group__inner-container is-layout-flow wp-block-group-is-layout-flow\">\n<div style=\"height:35px\" aria-hidden=\"true\" class=\"wp-block-spacer\"><\/div>\n\n\n\n<h2 class=\"wp-block-heading\">ART a structur\u00e9 ses activit\u00e9s dans trois d\u00e9partements multidisciplinaires et compl\u00e9mentaires&nbsp;<\/h2>\n\n\n \n      \t\t                     \n \t\t\n\n\t\n\n\t\t\t<ul id=\"blocs\" class=\"white-box teaser\">\n\t\t\t\t                \n                <li class=\"sld_in_animate\"><a href=\"https:\/\/art.eiffage.be\/fr\/services\/art\/\">\n                    <div class=\"box-content\">\n                    <img loading=\"lazy\" decoding=\"async\" width=\"390\" height=\"225\" src=\"https:\/\/art.eiffage.be\/wp-content\/uploads\/2021\/04\/1904-scaled-390x225.jpg\" class=\"attachment-teaser size-teaser wp-post-image\" alt=\"\" \/>                      <div class=\"box-text\">\n                      <h3>ART Travaux<\/h3>\n                      \n<ul class=\"teaserList wp-block-list\"><li>R\u00e9novations<\/li><li>Extensions<\/li><li>Am\u00e9nagements<\/li><li>Budget de 250.000 \u00e0 4.000.000 \u20ac<\/li><\/ul>\n\n\n\n<p><\/p>\n                      <\/div> \n                    <\/div>\n                    <figcaption>\n                    \t<p class=\"readmore\">D\u00e9couvrir<\/p>\n                    <\/figcaption>\n                <\/a><\/li>\n                \n                                \n                <li class=\"sld_in_animate\"><a href=\"https:\/\/art.eiffage.be\/fr\/services\/art-services\/\">\n                    <div class=\"box-content\">\n                    <img loading=\"lazy\" decoding=\"async\" width=\"390\" height=\"225\" src=\"https:\/\/art.eiffage.be\/wp-content\/uploads\/2022\/03\/hotel-maitre-390x225.jpg\" class=\"attachment-teaser size-teaser wp-post-image\" alt=\"\" \/>                      <div class=\"box-text\">\n                      <h3>ART Services<\/h3>\n                      \n<ul class=\"teaserList wp-block-list\"><li>R\u00e9parations simples et projets divers<\/li><li>Plusieurs corps de m\u00e9tiers<\/li><li>Qualit\u00e9, r\u00e9activit\u00e9<\/li><li>Budget jusqu&rsquo;\u00e0 environ 250.000 \u20ac<\/li><\/ul>\n                      <\/div> \n                    <\/div>\n                    <figcaption>\n                    \t<p class=\"readmore\">D\u00e9couvrir<\/p>\n                    <\/figcaption>\n                <\/a><\/li>\n                \n                                \n                <li class=\"sld_in_animate\"><a href=\"https:\/\/art.eiffage.be\/fr\/services\/a-rf-i\/\">\n                    <div class=\"box-content\">\n                    <img loading=\"lazy\" decoding=\"async\" width=\"390\" height=\"225\" src=\"https:\/\/art.eiffage.be\/wp-content\/uploads\/2021\/04\/Knokke-2-390x225.jpg\" class=\"attachment-teaser size-teaser wp-post-image\" alt=\"\" \/>                      <div class=\"box-text\">\n                      <h3>A.RF.I.<\/h3>\n                      \n<ul class=\"teaserList wp-block-list\"><li>Travaux sp\u00e9cialis\u00e9s<\/li><li>D\u00e9samiantage<\/li><li>R\u00e9sistante au Feu<\/li><li>Isolations thermiques et acoustiques<\/li><\/ul>\n                      <\/div> \n                    <\/div>\n                    <figcaption>\n                    \t<p class=\"readmore\">D\u00e9couvrir<\/p>\n                    <\/figcaption>\n                <\/a><\/li>\n                \n                \t\n               \n                \n            <\/ul>\n\n\n\t\n<div class=\"clear\"><\/div>\n\n\n\n<div style=\"height:35px\" aria-hidden=\"true\" class=\"wp-block-spacer\"><\/div>\n<\/div><\/div>\n\n\n\n<div class=\"wp-block-media-text alignwide has-media-on-the-right is-stacked-on-mobile animate_me\"><figure class=\"wp-block-media-text__media\"><img loading=\"lazy\" decoding=\"async\" width=\"821\" height=\"720\" src=\"https:\/\/art.eiffage.be\/wp-content\/uploads\/2021\/05\/00000001.jpg\" alt=\"\" class=\"wp-image-3317 size-full\" srcset=\"https:\/\/art.eiffage.be\/wp-content\/uploads\/2021\/05\/00000001.jpg 821w, https:\/\/art.eiffage.be\/wp-content\/uploads\/2021\/05\/00000001-500x438.jpg 500w, https:\/\/art.eiffage.be\/wp-content\/uploads\/2021\/05\/00000001-768x674.jpg 768w\" sizes=\"auto, (max-width: 821px) 100vw, 821px\" \/><\/figure><div class=\"wp-block-media-text__content\">\n<h4 class=\"has-text-align-center wp-block-heading\">Parrainage<\/h4>\n\n\n\n<h2 class=\"wp-block-heading\"><strong>Lorem Ipsum dolore<\/strong><\/h2>\n\n\n\n<p>Lorem ipsum dolor sit amet, ante pharetra magna egestas, metus a, penatibus magna duis senectus, faucibus quis suscipit. Vel sed amet diam ullamcorper vel fusce. Amet sed ante eget fusce lacinia mi, sed eget ullamcorper curabitur enim sed aliquam, quisque eget, sociis vulputate vestibulum quo orci sit a. Praesent augue rhoncus facilisis suspendisse sodales rhoncus.<br>Dolor neque pellentesque quam dolor nunc nec, sit massa. Velit adipiscing lacus euismod libero maecenas, ligula malesuada dolor, malesuada facilisis duis erat. Eget nonummy urna justo laoreet amet, felis purus vivamus dolor consectetuer lectus, sagittis diam tempor, augue earum amet arcu, wisi dui. Sed lobortis a phasellus pellentesque, erat proin ipsum vulputate ornare in vehicula, augue at cursus interdum diam nam et, torquent sodales turpis ipsum massa.<br>Eros bibendum praesent dui, erat est in commodo mi adipisci lacus, consectetuer ipsum nullam feugiat tincidunt, veniam leo, nulla nec. Maecenas arcu tortor eros adipiscing class, ut pede et sagittis est ornare, ipsum eleifend leo lacus, mi porttitor morbi blandit praesent convallis. Curabitur qui, porta felis eros lorem duis. Ad amet dui est sed, nec imperdiet nullam nec orci, nec inceptos, a ut aliquam ultricies praesent habitant, turpis nunc id.<\/p>\n\n\n\n<p><strong>Votre association souhaite soumettre une demande de sponsoring aupr\u00e8s de Valens ? Veuillez remplir ce&nbsp;<a href=\"https:\/\/www.valens.eu\/wp-content\/uploads\/VALENS-SPONSORING-Aanvraag-Demande.xlsx\">formulaire<\/a>&nbsp;et l\u2019envoyer \u00e0&nbsp;<a rel=\"noreferrer noopener\" href=\"&#x6d;&#x61;&#x69;&#x6c;&#x74;&#x6f;&#x3a;&#x68;&#x72;&#x2e;&#x76;&#x61;&#x6c;&#x65;&#x6e;&#x73;&#x40;&#x65;&#x69;&#x66;&#x66;&#x61;&#x67;&#x65;&#x2e;&#x63;&#x6f;&#x6d;\" target=\"_blank\">c&#111;&#110;&#x74;&#x61;c&#116;&#46;&#x76;&#x61;&#x6c;e&#110;&#115;&#x40;&#x65;if&#102;&#x61;&#x67;&#x65;&#46;&#99;&#111;&#x6d;<\/a><\/strong><\/p>\n<\/div><\/div>\n","protected":false},"excerpt":{"rendered":"<p>Qui sommes-nous ? Lorem ipsum dolor sit amet, consectetur adipiscing elit. Aliquam sollicitudin erat metus, ut posuere eros semper sed. Suspendisse urna ex, ultrices et suscipit sed, tincidunt quis turpis. Morbi eget sapien congue sem laoreet iaculis id sit amet orci. Aenean sagittis turpis eget justo tempor, a congue mi dapibus. Sed non venenatis nulla. [&hellip;]<\/p>\n","protected":false},"author":1,"featured_media":0,"parent":0,"menu_order":4,"comment_status":"closed","ping_status":"closed","template":"","meta":{"footnotes":""},"class_list":["post-1439","page","type-page","status-publish","hentry"],"_links":{"self":[{"href":"https:\/\/art.eiffage.be\/fr\/wp-json\/wp\/v2\/pages\/1439","targetHints":{"allow":["GET"]}}],"collection":[{"href":"https:\/\/art.eiffage.be\/fr\/wp-json\/wp\/v2\/pages"}],"about":[{"href":"https:\/\/art.eiffage.be\/fr\/wp-json\/wp\/v2\/types\/page"}],"author":[{"embeddable":true,"href":"https:\/\/art.eiffage.be\/fr\/wp-json\/wp\/v2\/users\/1"}],"replies":[{"embeddable":true,"href":"https:\/\/art.eiffage.be\/fr\/wp-json\/wp\/v2\/comments?post=1439"}],"version-history":[{"count":51,"href":"https:\/\/art.eiffage.be\/fr\/wp-json\/wp\/v2\/pages\/1439\/revisions"}],"predecessor-version":[{"id":3342,"href":"https:\/\/art.eiffage.be\/fr\/wp-json\/wp\/v2\/pages\/1439\/revisions\/3342"}],"wp:attachment":[{"href":"https:\/\/art.eiffage.be\/fr\/wp-json\/wp\/v2\/media?parent=1439"}],"curies":[{"name":"wp","href":"https:\/\/api.w.org\/{rel}","templated":true}]}}