{"id":2876,"date":"2021-04-06T13:23:49","date_gmt":"2021-04-06T13:23:49","guid":{"rendered":"http:\/\/8x5u1ajstp.preview.infomaniak.website\/?page_id=2876"},"modified":"2024-10-10T14:05:44","modified_gmt":"2024-10-10T14:05:44","slug":"art","status":"publish","type":"page","link":"https:\/\/art.eiffage.be\/fr\/equipes\/art\/","title":{"rendered":"Je construis et r\u00e9nove"},"content":{"rendered":"\n<h2 class=\"wp-block-heading has-text-align-center\">D\u00e9partement ART TRAVAUX<\/h2>\n\n\n\n<h1 class=\"wp-block-heading\">La performance, sur tous les terrains<\/h1>\n\n\n\n<p>En mati\u00e8re de construction neuve et de r\u00e9novation, nous appliquons une approche globale de type \u00ab&nbsp;cl\u00e9 sur porte&nbsp;\u00bb. Notre organisation nous permet de prendre en charge et d\u2019optimaliser l\u2019int\u00e9gralit\u00e9 des d\u00e9marches et des \u00e9tapes de la r\u00e9alisation dans des projets tr\u00e8s vari\u00e9s.<\/p>\n\n\n\n<div style=\"height:35px\" aria-hidden=\"true\" class=\"wp-block-spacer\"><\/div>\n\n\n\n<div class=\"wp-block-media-text alignwide is-stacked-on-mobile is-image-fill has-background\" style=\"background-color:#f3f3f3\"><figure class=\"wp-block-media-text__media\" style=\"background-image:url(https:\/\/art.eiffage.be\/wp-content\/uploads\/2021\/04\/JOS1111.jpg);background-position:64% 80%\"><img loading=\"lazy\" decoding=\"async\" width=\"683\" height=\"1025\" src=\"https:\/\/art.eiffage.be\/wp-content\/uploads\/2021\/04\/JOS1111.jpg\" alt=\"\" class=\"wp-image-3238 size-full\" srcset=\"https:\/\/art.eiffage.be\/wp-content\/uploads\/2021\/04\/JOS1111.jpg 683w, https:\/\/art.eiffage.be\/wp-content\/uploads\/2021\/04\/JOS1111-500x750.jpg 500w\" sizes=\"auto, (max-width: 683px) 100vw, 683px\" \/><\/figure><div class=\"wp-block-media-text__content\">\n<div style=\"height:94px\" aria-hidden=\"true\" class=\"wp-block-spacer\"><\/div>\n\n\n\n<p class=\"has-large-font-size\">Une relation de confiance<\/p>\n\n\n\n<p>Nous veillons \u00e0 d\u00e9velopper une relation de confiance avec nos clients et partenaires, et nous les accompagnons dans leurs projets de A \u00e0 Z. \u00c0 l\u2019\u00e9coute de leurs besoins, nous nous engageons \u00e0 soigner chaque r\u00e9alisation, gr\u00e2ce \u00e0 un accompagnement personnalis\u00e9 et au respect strict des d\u00e9lais et des budgets.<\/p>\n\n\n\n<div style=\"height:112px\" aria-hidden=\"true\" class=\"wp-block-spacer\"><\/div>\n<\/div><\/div>\n\n\n\n<div class=\"wp-block-media-text alignwide has-media-on-the-right is-stacked-on-mobile is-image-fill\"><div class=\"wp-block-media-text__content\">\n<div style=\"height:122px\" aria-hidden=\"true\" class=\"wp-block-spacer\"><\/div>\n\n\n\n<p class=\"has-large-font-size\">Une approche durable<\/p>\n\n\n\n<p>Conscients des exigences actuelles de notre secteur, en termes de performances des b\u00e2timents et de respect de l\u2019environnement, nous menons une d\u00e9marche de construction durable. En nous positionnant de plus en plus comme un sp\u00e9cialiste des b\u00e2timents passifs et des \u00e9nergies renouvelables.<\/p>\n\n\n\n<p><strong>Construction&nbsp;neuve :<\/strong> maisons, villas, immeubles&nbsp;r\u00e9sidentiels, immeubles&nbsp;de bureau \u2026<\/p>\n\n\n\n<p><strong>R\u00e9novation&nbsp;:<\/strong> appartements, maisons, immeubles&nbsp;r\u00e9sidentiels, immeubles&nbsp;de bureau \u2026<\/p>\n\n\n\n<div style=\"height:134px\" aria-hidden=\"true\" class=\"wp-block-spacer\"><\/div>\n<\/div><figure class=\"wp-block-media-text__media\" style=\"background-image:url(https:\/\/art.eiffage.be\/wp-content\/uploads\/2021\/04\/JOS2037.jpg);background-position:50% 50%\"><img loading=\"lazy\" decoding=\"async\" width=\"683\" height=\"1025\" src=\"https:\/\/art.eiffage.be\/wp-content\/uploads\/2021\/04\/JOS2037.jpg\" alt=\"\" class=\"wp-image-3235 size-full\" srcset=\"https:\/\/art.eiffage.be\/wp-content\/uploads\/2021\/04\/JOS2037.jpg 683w, https:\/\/art.eiffage.be\/wp-content\/uploads\/2021\/04\/JOS2037-500x750.jpg 500w\" sizes=\"auto, (max-width: 683px) 100vw, 683px\" \/><\/figure><\/div>\n\n\n\n<div class=\"wp-block-media-text alignwide is-stacked-on-mobile is-image-fill has-background\" style=\"background-color:#f3f3f3\"><figure class=\"wp-block-media-text__media\" style=\"background-image:url(https:\/\/art.eiffage.be\/wp-content\/uploads\/2021\/04\/JOS0984.jpg);background-position:50% 50%\"><img loading=\"lazy\" decoding=\"async\" width=\"683\" height=\"1025\" src=\"https:\/\/art.eiffage.be\/wp-content\/uploads\/2021\/04\/JOS0984.jpg\" alt=\"\" class=\"wp-image-3241 size-full\" srcset=\"https:\/\/art.eiffage.be\/wp-content\/uploads\/2021\/04\/JOS0984.jpg 683w, https:\/\/art.eiffage.be\/wp-content\/uploads\/2021\/04\/JOS0984-500x750.jpg 500w\" sizes=\"auto, (max-width: 683px) 100vw, 683px\" \/><\/figure><div class=\"wp-block-media-text__content\">\n<div style=\"height:129px\" aria-hidden=\"true\" class=\"wp-block-spacer\"><\/div>\n\n\n\n<p class=\"has-large-font-size\">Nos valeurs fondamentales<\/p>\n\n\n\n<p>Chaque jour, nos \u00e9quipes s\u2019engagent pour garantir la totale satisfaction de nos clients. Nous r\u00e9alisons des travaux de qualit\u00e9, dans le respect des d\u00e9lais et des budgets convenus, et ceci, avec efficacit\u00e9 et r\u00e9activit\u00e9.<\/p>\n\n\n\n<div style=\"height:129px\" aria-hidden=\"true\" class=\"wp-block-spacer\"><\/div>\n\n\n\n<p><\/p>\n<\/div><\/div>\n\n\n\n<div style=\"height:50px\" aria-hidden=\"true\" class=\"wp-block-spacer\"><\/div>\n\n\n\n<div class=\"wp-block-buttons is-horizontal is-content-justification-center is-layout-flex wp-container-core-buttons-is-layout-499968f5 wp-block-buttons-is-layout-flex\">\n<div class=\"wp-block-button\"><a class=\"wp-block-button__link has-white-color has-text-color has-background wp-element-button\" href=\"https:\/\/art.eiffage.be\/fr\/type-of-realisation\/art-travaux\/\" style=\"background-color:#ff0000\">D\u00e9couvrez toutes nos r\u00e9alisations ART<\/a><\/div>\n<\/div>\n\n\n\n<div style=\"height:209px\" aria-hidden=\"true\" class=\"wp-block-spacer\"><\/div>\n\n\n\n<p><\/p>\n","protected":false},"excerpt":{"rendered":"<p>D\u00e9partement ART TRAVAUX La performance, sur tous les terrains En mati\u00e8re de construction neuve et de r\u00e9novation, nous appliquons une approche globale de type \u00ab&nbsp;cl\u00e9 sur porte&nbsp;\u00bb. Notre organisation nous permet de prendre en charge et d\u2019optimaliser l\u2019int\u00e9gralit\u00e9 des d\u00e9marches et des \u00e9tapes de la r\u00e9alisation dans des projets tr\u00e8s vari\u00e9s.<\/p>\n","protected":false},"author":1,"featured_media":0,"parent":2874,"menu_order":13,"comment_status":"closed","ping_status":"closed","template":"","meta":{"footnotes":""},"class_list":["post-2876","page","type-page","status-publish","hentry"],"_links":{"self":[{"href":"https:\/\/art.eiffage.be\/fr\/wp-json\/wp\/v2\/pages\/2876","targetHints":{"allow":["GET"]}}],"collection":[{"href":"https:\/\/art.eiffage.be\/fr\/wp-json\/wp\/v2\/pages"}],"about":[{"href":"https:\/\/art.eiffage.be\/fr\/wp-json\/wp\/v2\/types\/page"}],"author":[{"embeddable":true,"href":"https:\/\/art.eiffage.be\/fr\/wp-json\/wp\/v2\/users\/1"}],"replies":[{"embeddable":true,"href":"https:\/\/art.eiffage.be\/fr\/wp-json\/wp\/v2\/comments?post=2876"}],"version-history":[{"count":31,"href":"https:\/\/art.eiffage.be\/fr\/wp-json\/wp\/v2\/pages\/2876\/revisions"}],"predecessor-version":[{"id":3900,"href":"https:\/\/art.eiffage.be\/fr\/wp-json\/wp\/v2\/pages\/2876\/revisions\/3900"}],"up":[{"embeddable":true,"href":"https:\/\/art.eiffage.be\/fr\/wp-json\/wp\/v2\/pages\/2874"}],"wp:attachment":[{"href":"https:\/\/art.eiffage.be\/fr\/wp-json\/wp\/v2\/media?parent=2876"}],"curies":[{"name":"wp","href":"https:\/\/api.w.org\/{rel}","templated":true}]}}