{"id":2878,"date":"2021-04-06T13:24:35","date_gmt":"2021-04-06T13:24:35","guid":{"rendered":"http:\/\/8x5u1ajstp.preview.infomaniak.website\/?page_id=2878"},"modified":"2022-10-17T14:14:09","modified_gmt":"2022-10-17T14:14:09","slug":"art-services","status":"publish","type":"page","link":"https:\/\/art.eiffage.be\/fr\/equipes\/art-services\/","title":{"rendered":"J\u2019am\u00e9nage, r\u00e9pare ou transforme"},"content":{"rendered":"\n<h2 class=\"has-text-align-center wp-block-heading\">D\u00e9partement ART Services<\/h2>\n\n\n\n<h1 class=\"wp-block-heading\">Des services personnalis\u00e9s et efficaces pour nos clients particuliers et professionels<\/h1>\n\n\n\n<h2 class=\"wp-block-heading\"><\/h2>\n\n\n\n<p>D\u00e9pannages ponctuels, op\u00e9rations de maintenance, travaux d\u2019extension ou de transformation. Quelle que soit la mission, vous avez la garantie de profiter d\u2019un travail soign\u00e9. Notre visite pr\u00e9alable \u00e0 l\u2019ex\u00e9cution d\u2019un travail est gratuite et vous permet d\u2019obtenir un devis clair et pr\u00e9cis, sans engagement de votre part.<\/p>\n\n\n\n<div style=\"height:30px\" aria-hidden=\"true\" class=\"wp-block-spacer\"><\/div>\n\n\n\n<div class=\"wp-block-media-text alignwide is-stacked-on-mobile is-image-fill has-background\" style=\"background-color:#f3f3f3\"><figure class=\"wp-block-media-text__media\" style=\"background-image:url(https:\/\/art.eiffage.be\/wp-content\/uploads\/2022\/09\/Strategische-IT-partner-1024x638-1.jpg);background-position:63% 43%\"><img loading=\"lazy\" decoding=\"async\" width=\"1024\" height=\"638\" src=\"https:\/\/art.eiffage.be\/wp-content\/uploads\/2022\/09\/Strategische-IT-partner-1024x638-1.jpg\" alt=\"\" class=\"wp-image-3690 size-full\" srcset=\"https:\/\/art.eiffage.be\/wp-content\/uploads\/2022\/09\/Strategische-IT-partner-1024x638-1.jpg 1024w, https:\/\/art.eiffage.be\/wp-content\/uploads\/2022\/09\/Strategische-IT-partner-1024x638-1-500x312.jpg 500w, https:\/\/art.eiffage.be\/wp-content\/uploads\/2022\/09\/Strategische-IT-partner-1024x638-1-768x479.jpg 768w\" sizes=\"auto, (max-width: 1024px) 100vw, 1024px\" \/><\/figure><div class=\"wp-block-media-text__content\">\n<div style=\"height:91px\" aria-hidden=\"true\" class=\"wp-block-spacer\"><\/div>\n\n\n\n<p class=\"has-large-font-size\">Un accompagnement personnalis\u00e9<\/p>\n\n\n\n<p>ART Services vous assure un accompagnement personnalis\u00e9&nbsp;: vous \u00eates en contact avec un interlocuteur unique, pour un suivi efficace du d\u00e9but de votre projet \u00e0 la r\u00e9ception des travaux. Qu\u2019il s\u2019agisse d\u2019un simple d\u00e9pannage ou d\u2019un chantier, nous personnalisons notre encadrement selon vos besoins et votre budget. Nos collaborateurs polyvalents pourront suivre votre projet d\u00e8s le premier contact jusqu\u2019\u00e0 la jouissance de votre nouveau bien.<\/p>\n\n\n\n<div style=\"height:120px\" aria-hidden=\"true\" class=\"wp-block-spacer\"><\/div>\n<\/div><\/div>\n\n\n\n<div class=\"wp-block-media-text alignwide has-media-on-the-right is-stacked-on-mobile is-image-fill\"><figure class=\"wp-block-media-text__media\" style=\"background-image:url(https:\/\/art.eiffage.be\/wp-content\/uploads\/2021\/04\/Milvest-4-636x423-1.jpg);background-position:77% 50%\"><img loading=\"lazy\" decoding=\"async\" width=\"636\" height=\"423\" src=\"https:\/\/art.eiffage.be\/wp-content\/uploads\/2021\/04\/Milvest-4-636x423-1.jpg\" alt=\"\" class=\"wp-image-3045 size-full\" srcset=\"https:\/\/art.eiffage.be\/wp-content\/uploads\/2021\/04\/Milvest-4-636x423-1.jpg 636w, https:\/\/art.eiffage.be\/wp-content\/uploads\/2021\/04\/Milvest-4-636x423-1-500x333.jpg 500w\" sizes=\"auto, (max-width: 636px) 100vw, 636px\" \/><\/figure><div class=\"wp-block-media-text__content\">\n<div style=\"height:44px\" aria-hidden=\"true\" class=\"wp-block-spacer\"><\/div>\n\n\n\n<p class=\"has-large-font-size\">Des corps de m\u00e9tier au service de nos clients<\/p>\n\n\n\n<p>Notre d\u00e9partement Services s\u2019appuie sur les comp\u00e9tences de corps de m\u00e9tier exp\u00e9riment\u00e9s\u00a0dans toutes les sp\u00e9cialit\u00e9s du b\u00e2timent : ma\u00e7onnerie, charpente, toiture, menuiserie, plafonnage, carrelage, peinture, plomberie, \u00e9lectricit\u00e9\u2026 <\/p>\n\n\n\n<p><strong>Partout en Belgique<\/strong><\/p>\n\n\n\n<p>Nous assurons nos services partout dans le pays, au d\u00e9part de nos trois p\u00f4les d\u2019activit\u00e9s : Bruxelles, Anvers et Li\u00e8ge. <\/p>\n\n\n\n<p><strong>Nos valeurs fondamentales<\/strong><\/p>\n\n\n\n<p>Chaque jour, nos \u00e9quipes s\u2019engagent pour garantir la totale satisfaction de nos clients. Nous r\u00e9alisons des travaux de qualit\u00e9, dans le respect des d\u00e9lais et des budgets convenus, et avec efficacit\u00e9 et r\u00e9activit\u00e9.<\/p>\n\n\n\n<div style=\"height:65px\" aria-hidden=\"true\" class=\"wp-block-spacer\"><\/div>\n<\/div><\/div>\n\n\n\n<div class=\"wp-block-media-text alignwide is-stacked-on-mobile is-image-fill has-background\" style=\"background-color:#f3f3f3\"><figure class=\"wp-block-media-text__media\" style=\"background-image:url(https:\/\/art.eiffage.be\/wp-content\/uploads\/2021\/04\/JOS1121.jpg);background-position:50% 41%\"><img loading=\"lazy\" decoding=\"async\" width=\"683\" height=\"1025\" src=\"https:\/\/art.eiffage.be\/wp-content\/uploads\/2021\/04\/JOS1121.jpg\" alt=\"\" class=\"wp-image-3249 size-full\" srcset=\"https:\/\/art.eiffage.be\/wp-content\/uploads\/2021\/04\/JOS1121.jpg 683w, https:\/\/art.eiffage.be\/wp-content\/uploads\/2021\/04\/JOS1121-500x750.jpg 500w\" sizes=\"auto, (max-width: 683px) 100vw, 683px\" \/><\/figure><div class=\"wp-block-media-text__content\">\n<div style=\"height:121px\" aria-hidden=\"true\" class=\"wp-block-spacer\"><\/div>\n\n\n\n<p class=\"has-large-font-size\">Une \u00e9quipe sur mesure<\/p>\n\n\n\n<p>Notre organisation simplifi\u00e9e nous permet de vous proposer des travaux de qualit\u00e9 \u00e0 un tarif concurrentiel. ART Services vous offre l\u2019efficacit\u00e9 et la souplesse d\u2019une petite PME au sein d\u2019une entreprise stable et saine. Nos \u00e9quipes s\u2019adaptent \u00e0 toutes les situations et veillent \u00e0 r\u00e9pondre \u00e0 toutes vos demandes. Habitu\u00e9s \u00e0 travailler dans des contextes d\u00e9licats, nous adaptons nos m\u00e9thodes et nos protections afin de vous permettre de conserver l\u2019usage de votre bien tout au long des travaux, si n\u00e9cessaire.<\/p>\n\n\n\n<div style=\"height:119px\" aria-hidden=\"true\" class=\"wp-block-spacer\"><\/div>\n<\/div><\/div>\n\n\n\n<div style=\"height:36px\" aria-hidden=\"true\" class=\"wp-block-spacer\"><\/div>\n\n\n\n<div class=\"wp-block-columns is-layout-flex wp-container-core-columns-is-layout-9d6595d7 wp-block-columns-is-layout-flex\">\n<div class=\"wp-block-column is-layout-flow wp-block-column-is-layout-flow\">\n<p>D\u00e9pannages : chaudi\u00e8re, plomberie, toiture, menuiserie \u2026<\/p>\n\n\n\n<p>Recherche d\u2019infiltration d\u2019eau<\/p>\n\n\n\n<p>Modification d\u2019espaces int\u00e9rieurs<\/p>\n\n\n\n<p>R\u00e9novation de chaufferie<\/p>\n\n\n\n<p>R\u00e9novation de fa\u00e7ade<\/p>\n<\/div>\n\n\n\n<div class=\"wp-block-column is-layout-flow wp-block-column-is-layout-flow\">\n<p>Remise en \u00e9tat locative<\/p>\n\n\n\n<p>Transformation d\u2019habitation<\/p>\n\n\n\n<p>Am\u00e9nagement d\u2019abords<\/p>\n\n\n\n<p>R\u00e9novation de salle de bain<\/p>\n\n\n\n<p>R\u00e9novation de sol<\/p>\n<\/div>\n\n\n\n<div class=\"wp-block-column is-layout-flow wp-block-column-is-layout-flow\">\n<p>R\u00e9paration apr\u00e8s sinistre : d\u00e9g\u00e2ts des eaux, incendie, explosion<\/p>\n\n\n\n<p>Extension d\u2019habitation<\/p>\n\n\n\n<p>Am\u00e9nagement de surface commerciale et de bureaux<\/p>\n\n\n\n<p>R\u00e9novation de cuisine<\/p>\n<\/div>\n<\/div>\n\n\n\n<div class=\"wp-block-buttons is-horizontal is-content-justification-center is-layout-flex wp-container-core-buttons-is-layout-499968f5 wp-block-buttons-is-layout-flex\">\n<div class=\"wp-block-button\"><a class=\"wp-block-button__link has-white-color has-text-color has-background\" href=\"https:\/\/art.eiffage.be\/fr\/type-of-realisation\/art-services\/\" style=\"background-color:#ff0000\">D\u00e9couvrez toutes nos r\u00e9alisations ART Services<\/a><\/div>\n<\/div>\n","protected":false},"excerpt":{"rendered":"<p>D\u00e9partement ART Services Des services personnalis\u00e9s et efficaces pour nos clients particuliers et professionels D\u00e9pannages ponctuels, op\u00e9rations de maintenance, travaux d\u2019extension ou de transformation. Quelle que soit la mission, vous avez la garantie de profiter d\u2019un travail soign\u00e9. Notre visite pr\u00e9alable \u00e0 l\u2019ex\u00e9cution d\u2019un travail est gratuite et vous permet d\u2019obtenir un devis clair et [&hellip;]<\/p>\n","protected":false},"author":1,"featured_media":0,"parent":2874,"menu_order":12,"comment_status":"closed","ping_status":"closed","template":"","meta":{"footnotes":""},"class_list":["post-2878","page","type-page","status-publish","hentry"],"_links":{"self":[{"href":"https:\/\/art.eiffage.be\/fr\/wp-json\/wp\/v2\/pages\/2878","targetHints":{"allow":["GET"]}}],"collection":[{"href":"https:\/\/art.eiffage.be\/fr\/wp-json\/wp\/v2\/pages"}],"about":[{"href":"https:\/\/art.eiffage.be\/fr\/wp-json\/wp\/v2\/types\/page"}],"author":[{"embeddable":true,"href":"https:\/\/art.eiffage.be\/fr\/wp-json\/wp\/v2\/users\/1"}],"replies":[{"embeddable":true,"href":"https:\/\/art.eiffage.be\/fr\/wp-json\/wp\/v2\/comments?post=2878"}],"version-history":[{"count":21,"href":"https:\/\/art.eiffage.be\/fr\/wp-json\/wp\/v2\/pages\/2878\/revisions"}],"predecessor-version":[{"id":3707,"href":"https:\/\/art.eiffage.be\/fr\/wp-json\/wp\/v2\/pages\/2878\/revisions\/3707"}],"up":[{"embeddable":true,"href":"https:\/\/art.eiffage.be\/fr\/wp-json\/wp\/v2\/pages\/2874"}],"wp:attachment":[{"href":"https:\/\/art.eiffage.be\/fr\/wp-json\/wp\/v2\/media?parent=2878"}],"curies":[{"name":"wp","href":"https:\/\/api.w.org\/{rel}","templated":true}]}}