{"id":2880,"date":"2021-04-06T13:25:13","date_gmt":"2021-04-06T13:25:13","guid":{"rendered":"http:\/\/8x5u1ajstp.preview.infomaniak.website\/?page_id=2880"},"modified":"2022-05-02T09:43:57","modified_gmt":"2022-05-02T09:43:57","slug":"a-rf-i","status":"publish","type":"page","link":"https:\/\/art.eiffage.be\/fr\/equipes\/a-rf-i\/","title":{"rendered":"J&rsquo;assainis ou prot\u00e8ge"},"content":{"rendered":"\n<h2 class=\"has-text-align-center wp-block-heading\">D\u00e9partement A.RF.I<\/h2>\n\n\n\n<h1 class=\"wp-block-heading\">Des comp\u00e9tences sp\u00e9cialis\u00e9es dans des domaines exigeants<\/h1>\n\n\n\n<p>Notre d\u00e9partement agr\u00e9\u00e9 A.RF.I. (<u>A<\/u>miante, <u>R<\/u>\u00e9sistance au <u>F<\/u>eu, <u>I<\/u>solation acoustique et thermique) dispose d\u2019un savoir-faire pointu dans trois domaines d\u2019activit\u00e9 sp\u00e9cifiques.<\/p>\n\n\n\n<div style=\"height:34px\" aria-hidden=\"true\" class=\"wp-block-spacer\"><\/div>\n\n\n\n<div class=\"wp-block-media-text alignwide is-stacked-on-mobile is-image-fill has-background\" style=\"background-color:#f3f3f3\"><figure class=\"wp-block-media-text__media\" style=\"background-image:url(https:\/\/art.eiffage.be\/wp-content\/uploads\/2021\/04\/20180924_074354-1600x1200.jpg);background-position:50% 50%\"><img decoding=\"async\" src=\"https:\/\/art.eiffage.be\/wp-content\/uploads\/2021\/04\/20180924_074354-1600x1200.jpg\" alt=\"\" class=\"wp-image-3065 size-full\"\/><\/figure><div class=\"wp-block-media-text__content\">\n<div style=\"height:45px\" aria-hidden=\"true\" class=\"wp-block-spacer\"><\/div>\n\n\n\n<p class=\"has-large-font-size\">D\u00e9samiantage<\/p>\n\n\n\n<p>Il arrive fr\u00e9quemment que des chantiers de r\u00e9novation concernent l\u2019enl\u00e8vement s\u00e9curis\u00e9 de mat\u00e9riaux amiant\u00e9s. Ces mati\u00e8res sont dangereuses et doivent \u00eatre \u00e9limin\u00e9es en respectant des obligations strictes sur le plan de la sant\u00e9, de la s\u00e9curit\u00e9 et du respect de l\u2019environnement. En tant qu\u2019entreprise agr\u00e9\u00e9e, nous disposons du savoir-faire n\u00e9cessaire pour traiter ces mat\u00e9riaux nocifs, depuis l\u2019obtention des autorisations environnementales jusqu\u2019\u00e0 la gestion des d\u00e9chets.<\/p>\n\n\n\n<p>Nous \u00e9tudions consciencieusement chaque projet afin de traiter l\u2019amiante pr\u00e9sente de fa\u00e7on ad\u00e9quate des points de vue \u00e9conomique et technique (enl\u00e8vement complet, encapsulation ou encoffrement). Nous r\u00e9duisons \u00e0 n\u00e9ant les risques de contamination via des syst\u00e8mes de protection collective adapt\u00e9s (balisage, sac \u00e0 manchon, confinement \u00e9tanche). Nous assurons \u00e9galement le traitement des d\u00e9chets dans le respect de l\u2019environnement.<\/p>\n\n\n\n<div class=\"wp-block-buttons is-layout-flex wp-block-buttons-is-layout-flex\">\n<div class=\"wp-block-button\"><a class=\"wp-block-button__link has-white-color has-text-color has-background\" href=\"https:\/\/art.eiffage.be\/fr\/realisation\/desamiantage-parking-58\/\" style=\"background-color:#ff0000\">Exemple de r\u00e9alisation<\/a><\/div>\n<\/div>\n\n\n\n<div style=\"height:45px\" aria-hidden=\"true\" class=\"wp-block-spacer\"><\/div>\n<\/div><\/div>\n\n\n\n<div class=\"wp-block-media-text alignwide has-media-on-the-right is-stacked-on-mobile is-image-fill\"><figure class=\"wp-block-media-text__media\" style=\"background-image:url(https:\/\/art.eiffage.be\/wp-content\/uploads\/2021\/04\/Piscine-Woluwe-St-Pierre-1-1600x1200.jpg);background-position:50% 50%\"><img decoding=\"async\" src=\"https:\/\/art.eiffage.be\/wp-content\/uploads\/2021\/04\/Piscine-Woluwe-St-Pierre-1-1600x1200.jpg\" alt=\"\" class=\"wp-image-3110 size-full\"\/><\/figure><div class=\"wp-block-media-text__content\">\n<div style=\"height:45px\" aria-hidden=\"true\" class=\"wp-block-spacer\"><\/div>\n\n\n\n<p class=\"has-large-font-size\">Isolation acoustique et thermique<\/p>\n\n\n\n<p>Face aux pr\u00e9occupations actuelles en termes de confort et de performances \u00e9nerg\u00e9tiques, l\u2019isolation repr\u00e9sente un enjeu majeur dans le secteur de la construction et de la r\u00e9novation. Nos \u00e9quipes sp\u00e9cialis\u00e9es veillent \u00e0 apporter des r\u00e9ponses durables, qui permettent d\u2019atteindre les performances requises.<\/p>\n\n\n\n<p>Dans le choix des mat\u00e9riaux et des m\u00e9thodes de mise en \u0153uvre des isolations thermique et acoustique, nous veillons toujours \u00e0 prendre en compte toutes les dimensions&nbsp;du projet : propri\u00e9t\u00e9s thermiques, techniques, \u00e9conomiques, environnementales\u2026<\/p>\n\n\n\n<p>Domaines d\u2019activit\u00e9&nbsp;: isolation acoustique de vos bureaux, studios, isolation acoustique de discoth\u00e8ques, isolation acoustique d\u2019habitations.<\/p>\n\n\n\n<div class=\"wp-block-buttons is-layout-flex wp-block-buttons-is-layout-flex\">\n<div class=\"wp-block-button\"><a class=\"wp-block-button__link has-white-color has-text-color has-background\" href=\"https:\/\/art.eiffage.be\/fr\/realisation\/desamiantage-parking-58\/\" style=\"background-color:#ff0000\">Exemple de r\u00e9alisation<\/a><\/div>\n<\/div>\n\n\n\n<div style=\"height:45px\" aria-hidden=\"true\" class=\"wp-block-spacer\"><\/div>\n<\/div><\/div>\n\n\n\n<div class=\"wp-block-media-text alignwide is-stacked-on-mobile is-image-fill has-background\" style=\"background-color:#f3f3f3\"><figure class=\"wp-block-media-text__media\" style=\"background-image:url(https:\/\/art.eiffage.be\/wp-content\/uploads\/2021\/04\/Knokke-2-1067x1600.jpg);background-position:50% 50%\"><img loading=\"lazy\" decoding=\"async\" width=\"1067\" height=\"1600\" src=\"https:\/\/art.eiffage.be\/wp-content\/uploads\/2021\/04\/Knokke-2-1067x1600.jpg\" alt=\"\" class=\"wp-image-3188 size-full\" srcset=\"https:\/\/art.eiffage.be\/wp-content\/uploads\/2021\/04\/Knokke-2-1067x1600.jpg 1067w, https:\/\/art.eiffage.be\/wp-content\/uploads\/2021\/04\/Knokke-2-500x750.jpg 500w, https:\/\/art.eiffage.be\/wp-content\/uploads\/2021\/04\/Knokke-2-768x1152.jpg 768w, https:\/\/art.eiffage.be\/wp-content\/uploads\/2021\/04\/Knokke-2-1024x1536.jpg 1024w, https:\/\/art.eiffage.be\/wp-content\/uploads\/2021\/04\/Knokke-2-1365x2048.jpg 1365w, https:\/\/art.eiffage.be\/wp-content\/uploads\/2021\/04\/Knokke-2.jpg 1664w\" sizes=\"auto, (max-width: 1067px) 100vw, 1067px\" \/><\/figure><div class=\"wp-block-media-text__content\">\n<div style=\"height:45px\" aria-hidden=\"true\" class=\"wp-block-spacer\"><\/div>\n\n\n\n<p class=\"has-large-font-size\">Protection passive contre le feu<\/p>\n\n\n\n<p>A.RF.I. dispose du savoir-faire technique n\u00e9cessaire pour mettre en \u0153uvre les protections n\u00e9cessaires \u00e0 la r\u00e9sistance au feu des \u00e9l\u00e9ments de construction (RF). Une mati\u00e8re technique et complexe qui exige des comp\u00e9tences multiples et une exp\u00e9rience confirm\u00e9e, en raison notamment du cadre l\u00e9gal \u00e0 respecter&nbsp;: l\u00e9gislations r\u00e9gionales et f\u00e9d\u00e9rales, normes belges et europ\u00e9ennes, certifications\u2026<\/p>\n\n\n\n<p>Dans ce domaine, nous mettons \u00e0 votre disposition une expertise pointue, qui commence avec une analyse en profondeur des contraintes et des enjeux de chaque chantier, de mani\u00e8re \u00e0 vous apporter une solution globale et pertinente \u00e0 mettre en \u0153uvre par nos sp\u00e9cialistes.<\/p>\n\n\n\n<div class=\"wp-block-buttons is-layout-flex wp-block-buttons-is-layout-flex\">\n<div class=\"wp-block-button\"><a class=\"wp-block-button__link has-white-color has-text-color has-background\" href=\"https:\/\/art.eiffage.be\/fr\/realisation\/desamiantage-parking-58\/\" style=\"background-color:#ff0000\">Exemple de r\u00e9alisation<\/a><\/div>\n<\/div>\n\n\n\n<div style=\"height:45px\" aria-hidden=\"true\" class=\"wp-block-spacer\"><\/div>\n<\/div><\/div>\n\n\n\n<div style=\"height:50px\" aria-hidden=\"true\" class=\"wp-block-spacer\"><\/div>\n\n\n\n<div class=\"wp-block-buttons is-horizontal is-content-justification-center is-layout-flex wp-container-core-buttons-is-layout-499968f5 wp-block-buttons-is-layout-flex\">\n<div class=\"wp-block-button\"><a class=\"wp-block-button__link has-white-color has-text-color has-background\" href=\"https:\/\/art.eiffage.be\/fr\/type-of-realisation\/a-rf-i\/\" style=\"background-color:#ff0000\">D\u00e9couvrez toutes nos r\u00e9alisations A.RF.I<\/a><\/div>\n<\/div>\n","protected":false},"excerpt":{"rendered":"<p>D\u00e9partement A.RF.I Des comp\u00e9tences sp\u00e9cialis\u00e9es dans des domaines exigeants Notre d\u00e9partement agr\u00e9\u00e9 A.RF.I. (Amiante, R\u00e9sistance au Feu, Isolation acoustique et thermique) dispose d\u2019un savoir-faire pointu dans trois domaines d\u2019activit\u00e9 sp\u00e9cifiques.<\/p>\n","protected":false},"author":1,"featured_media":2804,"parent":2874,"menu_order":11,"comment_status":"closed","ping_status":"closed","template":"","meta":{"footnotes":""},"class_list":["post-2880","page","type-page","status-publish","has-post-thumbnail","hentry"],"_links":{"self":[{"href":"https:\/\/art.eiffage.be\/fr\/wp-json\/wp\/v2\/pages\/2880","targetHints":{"allow":["GET"]}}],"collection":[{"href":"https:\/\/art.eiffage.be\/fr\/wp-json\/wp\/v2\/pages"}],"about":[{"href":"https:\/\/art.eiffage.be\/fr\/wp-json\/wp\/v2\/types\/page"}],"author":[{"embeddable":true,"href":"https:\/\/art.eiffage.be\/fr\/wp-json\/wp\/v2\/users\/1"}],"replies":[{"embeddable":true,"href":"https:\/\/art.eiffage.be\/fr\/wp-json\/wp\/v2\/comments?post=2880"}],"version-history":[{"count":15,"href":"https:\/\/art.eiffage.be\/fr\/wp-json\/wp\/v2\/pages\/2880\/revisions"}],"predecessor-version":[{"id":3457,"href":"https:\/\/art.eiffage.be\/fr\/wp-json\/wp\/v2\/pages\/2880\/revisions\/3457"}],"up":[{"embeddable":true,"href":"https:\/\/art.eiffage.be\/fr\/wp-json\/wp\/v2\/pages\/2874"}],"wp:featuredmedia":[{"embeddable":true,"href":"https:\/\/art.eiffage.be\/fr\/wp-json\/wp\/v2\/media\/2804"}],"wp:attachment":[{"href":"https:\/\/art.eiffage.be\/fr\/wp-json\/wp\/v2\/media?parent=2880"}],"curies":[{"name":"wp","href":"https:\/\/api.w.org\/{rel}","templated":true}]}}