{"id":60,"date":"2017-02-24T10:40:42","date_gmt":"2017-02-24T10:40:42","guid":{"rendered":"http:\/\/valenseumh.cluster020.hosting.ovh.net\/?page_id=60\/"},"modified":"2025-07-03T10:13:39","modified_gmt":"2025-07-03T10:13:39","slug":"accueil","status":"publish","type":"page","link":"https:\/\/art.eiffage.be\/fr\/","title":{"rendered":"Accueil"},"content":{"rendered":"\n<div class=\"wp-block-group alignfull sld_in_animate has-background\" id=\"about\" style=\"background-color:#f3f3f3\"><div class=\"wp-block-group__inner-container is-layout-flow wp-block-group-is-layout-flow\">\n<div style=\"height:35px\" aria-hidden=\"true\" class=\"wp-block-spacer\"><\/div>\n\n\n\n<h2 class=\"wp-block-heading\">Bienvenue chez ART Eiffage ! <\/h2>\n\n\n\n<figure class=\"wp-block-gallery alignright has-nested-images columns-default is-cropped wp-block-gallery-1 is-layout-flex wp-block-gallery-is-layout-flex\">\n<figure class=\"wp-block-image size-large\"><img loading=\"lazy\" decoding=\"async\" width=\"1600\" height=\"1067\" data-id=\"3920\" src=\"https:\/\/art.eiffage.be\/wp-content\/uploads\/2025\/07\/Mathieu-photo-site-1600x1067.jpg\" alt=\"\" class=\"wp-image-3920\" srcset=\"https:\/\/art.eiffage.be\/wp-content\/uploads\/2025\/07\/Mathieu-photo-site-1600x1067.jpg 1600w, https:\/\/art.eiffage.be\/wp-content\/uploads\/2025\/07\/Mathieu-photo-site-500x333.jpg 500w, https:\/\/art.eiffage.be\/wp-content\/uploads\/2025\/07\/Mathieu-photo-site-768x512.jpg 768w, https:\/\/art.eiffage.be\/wp-content\/uploads\/2025\/07\/Mathieu-photo-site-1536x1024.jpg 1536w, https:\/\/art.eiffage.be\/wp-content\/uploads\/2025\/07\/Mathieu-photo-site-2048x1365.jpg 2048w\" sizes=\"auto, (max-width: 1600px) 100vw, 1600px\" \/><\/figure>\n<\/figure>\n\n\n\n<h4 class=\"wp-block-heading\">Nous sommes l\u00e0 pour r\u00e9aliser vos r\u00eaves de construction<\/h4>\n\n\n\n<p>\u00ab&nbsp;ART est une entreprise g\u00e9n\u00e9rale de construction qui b\u00e9n\u00e9ficie d\u2019une exp\u00e9rience de plus de 25 ans dans toutes sortes de chantiers de r\u00e9novation.<\/p>\n\n\n\n<p>Notre activit\u00e9 se d\u00e9veloppe \u00e0 travers trois d\u00e9partements multidisciplinaires et compl\u00e9mentaires. Nos \u00e9quipes s\u2019adaptent \u00e0 chaque besoin sp\u00e9cifique. Nous privil\u00e9gions l\u2019humain, et nous communiquons vers nos clients avec respect et franchise.<\/p>\n\n\n\n<p>Que vous ayez besoin de r\u00e9nover de fond en comble votre habitation, de l\u2019agrandir, de l\u2019upgrader, de l\u2019assainir ou simplement de la rafraichir&nbsp;: nous avons une solution pour vous. Tous nos collaborateurs sont l\u00e0 pour cr\u00e9er du plaisir, car notre objectif premier est de r\u00e9aliser le r\u00eave de nos clients.&nbsp;\u00bb <\/p>\n\n\n\n<p><strong>Mathieu Van Enis \u2013 Directeur d\u2019ART Eiffage<\/strong><\/p>\n\n\n\n<div style=\"height:35px\" aria-hidden=\"true\" class=\"wp-block-spacer\"><\/div>\n<\/div><\/div>\n\n\n\n<div style=\"height:30px\" aria-hidden=\"true\" class=\"wp-block-spacer\"><\/div>\n\n\n\n<div class=\"wp-block-group sld_in_animate\"><div class=\"wp-block-group__inner-container is-layout-constrained wp-block-group-is-layout-constrained\">\n<h2 class=\"wp-block-heading\">ART Eiffage au sein du groupe Eiffage<\/h2>\n\n\n\n<div class=\"wp-block-media-text is-stacked-on-mobile\" style=\"grid-template-columns:21% auto\"><figure class=\"wp-block-media-text__media\"><img loading=\"lazy\" decoding=\"async\" width=\"551\" height=\"555\" src=\"https:\/\/art.eiffage.be\/wp-content\/uploads\/2021\/05\/EIF_VAL3.png\" alt=\"\" class=\"wp-image-3386 size-full\" srcset=\"https:\/\/art.eiffage.be\/wp-content\/uploads\/2021\/05\/EIF_VAL3.png 551w, https:\/\/art.eiffage.be\/wp-content\/uploads\/2021\/05\/EIF_VAL3-500x504.png 500w, https:\/\/art.eiffage.be\/wp-content\/uploads\/2021\/05\/EIF_VAL3-150x150.png 150w, https:\/\/art.eiffage.be\/wp-content\/uploads\/2021\/05\/EIF_VAL3-60x60.png 60w\" sizes=\"auto, (max-width: 551px) 100vw, 551px\" \/><\/figure><div class=\"wp-block-media-text__content\">\n<p>Nous appartenons \u00e0 l\u2019entreprise Valens, n\u00e9e en janvier 2006 de la fusion des SA Maurice Delens et Van Rymenant. Valens fait partie int\u00e9grante de la holding belge Eiffage Construction Belux, qui appartient elle-m\u00eame au groupe fran\u00e7ais Eiffage, leader europ\u00e9en de la construction.<\/p>\n\n\n\n<p>Une des forces du d\u00e9partement ART est d\u2019avoir su adapter sa m\u00e9thode de travail pour rester concurrentiels, tout en appartenant au groupe Eiffage lui assurant solidit\u00e9 et stabilit\u00e9.<\/p>\n\n\n\n<p>Nous appartenons \u00e0 un grand groupe, dont nous b\u00e9n\u00e9ficions de la solidit\u00e9, tout en restant une entreprise \u00e0 taille humaine, pr\u00eate \u00e0 vous venir en aide. Nous sommes experts dans le domaine de la construction en Belgique.<\/p>\n<\/div><\/div>\n<\/div><\/div>\n\n\n\n<div style=\"height:30px\" aria-hidden=\"true\" class=\"wp-block-spacer\"><\/div>\n\n\n\n<div class=\"wp-block-group sld_in_animate\"><div class=\"wp-block-group__inner-container is-layout-constrained wp-block-group-is-layout-constrained\">\n<h2 class=\"wp-block-heading has-text-align-center\"><strong>Simplicit\u00e9, tranquillit\u00e9<\/strong><\/h2>\n\n\n\n<p class=\"has-text-align-center\"><em>Notre grande exp\u00e9rience nous permet de diversifier nos activit\u00e9s, de mani\u00e8re \u00e0 apporter une r\u00e9ponse professionnelle et personnalis\u00e9e \u00e0 nos clients particuliers et professionnels. M\u00eame si nous aimons les projets complexes et adorons relever les challenges, travailler avec nous est synonyme de simplicit\u00e9 et de tranquillit\u00e9. Nous prenons en charge votre chantier pour la supervision et la coordination des diff\u00e9rents corps de m\u00e9tier.<\/em><\/p>\n<\/div><\/div>\n\n\n\n<div style=\"height:30px\" aria-hidden=\"true\" class=\"wp-block-spacer\"><\/div>\n\n\n\n<div class=\"wp-block-group sld_in_animate\"><div class=\"wp-block-group__inner-container is-layout-flow wp-block-group-is-layout-flow\">\n<h2 class=\"wp-block-heading has-text-align-center\">Nos valeurs<\/h2>\n\n\n\n<div class=\"wp-block-columns is-layout-flex wp-container-core-columns-is-layout-9d6595d7 wp-block-columns-is-layout-flex\">\n<div class=\"wp-block-column is-layout-flow wp-block-column-is-layout-flow\"><div class=\"wp-block-image\">\n<figure class=\"aligncenter size-large is-resized\"><img loading=\"lazy\" decoding=\"async\" width=\"94\" height=\"161\" src=\"https:\/\/art.eiffage.be\/wp-content\/uploads\/2021\/04\/icon-exemplaire-1.jpg\" alt=\"\" class=\"wp-image-2941\" style=\"width:25px\"\/><\/figure>\n<\/div>\n\n\n<h3 class=\"wp-block-heading has-text-align-center\">Exemplarit\u00e9<\/h3>\n\n\n\n<p class=\"has-text-align-center\">Chez <strong>ART<\/strong> et Eiffage, l\u2019exemplarit\u00e9 est la base du respect de l\u2019autre. A travers elle, les valeurs du groupe deviennent concr\u00e8tes. Nous ne demandons pas aux autres ce que l\u2019on ne s\u2019imposerait pas \u00e0 soi-m\u00eame. Quelles que soient les circonstances, nous agissons de fa\u00e7on \u00e9thique, en conscience et dans le strict respect des r\u00e8gles.<\/p>\n<\/div>\n\n\n\n<div class=\"wp-block-column is-layout-flow wp-block-column-is-layout-flow\"><div class=\"wp-block-image\">\n<figure class=\"aligncenter size-large is-resized\"><img loading=\"lazy\" decoding=\"async\" width=\"112\" height=\"161\" src=\"https:\/\/art.eiffage.be\/wp-content\/uploads\/2021\/04\/icon-responsable.jpg\" alt=\"\" class=\"wp-image-2947\" style=\"width:28px\"\/><\/figure>\n<\/div>\n\n\n<h3 class=\"wp-block-heading has-text-align-center\">Responsabilit\u00e9<\/h3>\n\n\n\n<p class=\"has-text-align-center\">Chez&nbsp;<strong>ART<\/strong>&nbsp;et Eiffage, chacun \u00e0 son niveau repr\u00e9sente et engage le groupe, chacun \u00e0 son niveau est garant des ressources humaines et mat\u00e9rielles dont on lui a confi\u00e9 la charge. A travers la responsabilisation, l\u2019autonomie est pr\u00e9serv\u00e9e, d\u00e9cisions et prise d\u2019initiatives sont encourag\u00e9es au plus proche du terrain.<\/p>\n<\/div>\n<\/div>\n\n\n\n<div class=\"wp-block-columns is-layout-flex wp-container-core-columns-is-layout-9d6595d7 wp-block-columns-is-layout-flex\">\n<div class=\"wp-block-column is-layout-flow wp-block-column-is-layout-flow\"><div class=\"wp-block-image\">\n<figure class=\"aligncenter size-large is-resized\"><img loading=\"lazy\" decoding=\"async\" width=\"156\" height=\"167\" src=\"https:\/\/art.eiffage.be\/wp-content\/uploads\/2021\/04\/icon-lucide.jpg\" alt=\"\" class=\"wp-image-2957\" style=\"width:35px\"\/><\/figure>\n<\/div>\n\n\n<h3 class=\"wp-block-heading has-text-align-center\">Lucidit\u00e9<\/h3>\n\n\n\n<p class=\"has-text-align-center\">\u00catre collaborateur <strong>ART<\/strong> et Eiffage, c\u2019est voir et exprimer les choses avec clart\u00e9 et justesse en ayant conscience de ses capacit\u00e9s mais \u00e9galement de ses limites. Cela permet la juste \u00e9valuation des risques et la mobilisation des ressources requises. La lucidit\u00e9 apporte la garantie d\u2019objectifs r\u00e9alisables et d\u2019engagements tenus.<\/p>\n<\/div>\n\n\n\n<div class=\"wp-block-column is-layout-flow wp-block-column-is-layout-flow\"><div class=\"wp-block-image\">\n<figure class=\"aligncenter size-large is-resized\"><img loading=\"lazy\" decoding=\"async\" width=\"248\" height=\"169\" src=\"https:\/\/art.eiffage.be\/wp-content\/uploads\/2021\/04\/icon-courage.jpg\" alt=\"\" class=\"wp-image-2960\" style=\"width:45px\"\/><\/figure>\n<\/div>\n\n\n<h3 class=\"wp-block-heading has-text-align-center\">Courage &amp; pugnacit\u00e9<\/h3>\n\n\n\n<p class=\"has-text-align-center\">\u00catre collaborateur <strong>ART<\/strong> et Eiffage, c\u2019est s\u2019engager avec enthousiasme au service des projets, avec pers\u00e9v\u00e9rance et pugnacit\u00e9, mais sans obstination et avoir la force d\u2019affronter et de surmonter les difficult\u00e9s. C\u2019est aussi savoir faire preuve de courage manag\u00e9rial vis-\u00e0-vis de ses collaborateurs.<\/p>\n<\/div>\n<\/div>\n\n\n\n<div class=\"wp-block-columns is-layout-flex wp-container-core-columns-is-layout-9d6595d7 wp-block-columns-is-layout-flex\">\n<div class=\"wp-block-column is-layout-flow wp-block-column-is-layout-flow\"><div class=\"wp-block-image\">\n<figure class=\"aligncenter size-large is-resized\"><img loading=\"lazy\" decoding=\"async\" width=\"292\" height=\"173\" src=\"https:\/\/art.eiffage.be\/wp-content\/uploads\/2021\/04\/icon-confiance.jpg\" alt=\"\" class=\"wp-image-2950\" style=\"width:55px\"\/><\/figure>\n<\/div>\n\n\n<h3 class=\"wp-block-heading has-text-align-center\">Confiance<\/h3>\n\n\n\n<p class=\"has-text-align-center\">Chez <strong>ART<\/strong> et Eiffage, tout collaborateur b\u00e9n\u00e9ficie de la confiance de sa hi\u00e9rarchie, qui le soutiendra aussi face aux difficult\u00e9s. Les actions sont collectives et ne se construisent pas aux d\u00e9pens des autres. La confiance est une marque de reconnaissance, c&rsquo;est le ciment de la coh\u00e9sion et participe de l&rsquo;\u00e9panouissement de chacun. La confiance r\u00e9git aussi la relation d&rsquo;Eiffage avec ses parties prenantes et favorise un partenariat de long terme.<\/p>\n<\/div>\n\n\n\n<div class=\"wp-block-column is-layout-flow wp-block-column-is-layout-flow\"><div class=\"wp-block-image\">\n<figure class=\"aligncenter size-large is-resized\"><img loading=\"lazy\" decoding=\"async\" width=\"178\" height=\"165\" src=\"https:\/\/art.eiffage.be\/wp-content\/uploads\/2021\/04\/icon-transparence.jpg\" alt=\"\" class=\"wp-image-2954\" style=\"width:35px\"\/><\/figure>\n<\/div>\n\n\n<h3 class=\"wp-block-heading has-text-align-center\">Transparence<\/h3>\n\n\n\n<p class=\"has-text-align-center\">Chez <strong>ART<\/strong> et Eiffage, les enjeux sont partag\u00e9s. Chacun sait ce que l\u2019on attend de lui et ce qu\u2019il peut attendre des autres. La confiance exige de la transparence. L\u2019information donn\u00e9e est fiable et exhaustive. Elle doit \u00eatre transmise promptement. Dissimulation et falsification ne sont pas accept\u00e9es. Chacun doit assumer les cons\u00e9quences de ses actes. L\u2019erreur est admise ; seule sa r\u00e9p\u00e9tition en fait une faute.<\/p>\n<\/div>\n<\/div>\n<\/div><\/div>\n\n\n\n<div style=\"height:40px\" aria-hidden=\"true\" class=\"wp-block-spacer\"><\/div>\n\n\n\n<div class=\"wp-block-group alignfull sld_in_animate has-background\" style=\"background-color:#f3f3f3\"><div class=\"wp-block-group__inner-container is-layout-flow wp-block-group-is-layout-flow\">\n<div style=\"height:35px\" aria-hidden=\"true\" class=\"wp-block-spacer\"><\/div>\n\n\n\n<h2 class=\"wp-block-heading\">ART a structur\u00e9 ses activit\u00e9s dans trois d\u00e9partements multidisciplinaires et compl\u00e9mentaires&nbsp;<\/h2>\n\n\n \n      \t\t                     \n \t\t\n\n\t\n\n\t\t\t<ul id=\"blocs\" class=\"white-box teaser\">\n\t\t\t\t                \n                <li class=\"sld_in_animate\"><a href=\"https:\/\/art.eiffage.be\/fr\/services\/art\/\">\n                    <div class=\"box-content\">\n                    <img loading=\"lazy\" decoding=\"async\" width=\"390\" height=\"225\" src=\"https:\/\/art.eiffage.be\/wp-content\/uploads\/2021\/04\/1904-scaled-390x225.jpg\" class=\"attachment-teaser size-teaser wp-post-image\" alt=\"\" \/>                      <div class=\"box-text\">\n                      <h3>ART Travaux<\/h3>\n                      \n<ul class=\"teaserList wp-block-list\"><li>R\u00e9novations<\/li><li>Extensions<\/li><li>Am\u00e9nagements<\/li><li>Budget de 250.000 \u00e0 4.000.000 \u20ac<\/li><\/ul>\n\n\n\n<p><\/p>\n                      <\/div> \n                    <\/div>\n                    <figcaption>\n                    \t<p class=\"readmore\">D\u00e9couvrir<\/p>\n                    <\/figcaption>\n                <\/a><\/li>\n                \n                                \n                <li class=\"sld_in_animate\"><a href=\"https:\/\/art.eiffage.be\/fr\/services\/art-services\/\">\n                    <div class=\"box-content\">\n                    <img loading=\"lazy\" decoding=\"async\" width=\"390\" height=\"225\" src=\"https:\/\/art.eiffage.be\/wp-content\/uploads\/2022\/03\/hotel-maitre-390x225.jpg\" class=\"attachment-teaser size-teaser wp-post-image\" alt=\"\" \/>                      <div class=\"box-text\">\n                      <h3>ART Services<\/h3>\n                      \n<ul class=\"teaserList wp-block-list\"><li>R\u00e9parations simples et projets divers<\/li><li>Plusieurs corps de m\u00e9tiers<\/li><li>Qualit\u00e9, r\u00e9activit\u00e9<\/li><li>Budget jusqu&rsquo;\u00e0 environ 250.000 \u20ac<\/li><\/ul>\n                      <\/div> \n                    <\/div>\n                    <figcaption>\n                    \t<p class=\"readmore\">D\u00e9couvrir<\/p>\n                    <\/figcaption>\n                <\/a><\/li>\n                \n                                \n                <li class=\"sld_in_animate\"><a href=\"https:\/\/art.eiffage.be\/fr\/services\/a-rf-i\/\">\n                    <div class=\"box-content\">\n                    <img loading=\"lazy\" decoding=\"async\" width=\"390\" height=\"225\" src=\"https:\/\/art.eiffage.be\/wp-content\/uploads\/2021\/04\/Knokke-2-390x225.jpg\" class=\"attachment-teaser size-teaser wp-post-image\" alt=\"\" \/>                      <div class=\"box-text\">\n                      <h3>A.RF.I.<\/h3>\n                      \n<ul class=\"teaserList wp-block-list\"><li>Travaux sp\u00e9cialis\u00e9s<\/li><li>D\u00e9samiantage<\/li><li>R\u00e9sistante au Feu<\/li><li>Isolations thermiques et acoustiques<\/li><\/ul>\n                      <\/div> \n                    <\/div>\n                    <figcaption>\n                    \t<p class=\"readmore\">D\u00e9couvrir<\/p>\n                    <\/figcaption>\n                <\/a><\/li>\n                \n                \t\n               \n                \n            <\/ul>\n\n\n\t\n<div class=\"clear\"><\/div>\n\n\n\n<div style=\"height:35px\" aria-hidden=\"true\" class=\"wp-block-spacer\"><\/div>\n<\/div><\/div>\n\n\n\n<div class=\"wp-block-columns sld_in_animate is-layout-flex wp-container-core-columns-is-layout-9d6595d7 wp-block-columns-is-layout-flex\">\n<div class=\"wp-block-column is-layout-flow wp-block-column-is-layout-flow\">\n<h4 class=\"wp-block-heading has-text-align-center\">Parrainage<\/h4>\n\n\n\n<h2 class=\"wp-block-heading has-text-align-center\"><strong><strong>Besoin d\u2019un coup de pouce ? <\/strong><\/strong><br><strong><strong>Nous vous sponsorisons !<\/strong><\/strong><\/h2>\n\n\n\n<p>Chez ART et VALENS, nous aidons les autres. Nous consacrons d\u2019ailleurs une partie de notre CA pour des bonnes causes, et mobilisons aussi nos comp\u00e9tences. Nous pouvons par exemple mettre \u00e0 votre disposition un(e) juriste, un homme de m\u00e9tier ou du mat\u00e9riel.<\/p>\n\n\n\n<p>Actuellement, nous soutenons d\u00e9j\u00e0 l\u2019ASBL Le Pivot, l\u2019ASBL La Chataigneraie, l\u2019ASBL Bike4Kivu, l\u2019ASBL Escalpade, l\u2019ASBL Les avions de S\u00e9bastien, l\u2019ASBL Bike your future\u2026 \u00c0 votre tour ?<\/p>\n\n\n\n<p><\/p>\n\n\n\n<p><em>Attention : Valens ne soutient pas des associations dans le cadre de frais de fonctionnement ou de la r\u00e9mun\u00e9ration de leur personnel, ni les clubs de sport.<\/em><\/p>\n\n\n\n<p><\/p>\n\n\n\n<p><strong>Votre projet soutient une cause sociale, soci\u00e9tale, \u00e9ducationnelle&nbsp;? Vous aimeriez introduire une demande de sponsoring ?<\/strong> <\/p>\n\n\n\n<p class=\"has-text-align-center\"><strong>Veuillez remplir ce&nbsp;<a href=\"https:\/\/www.valens.eu\/wp-content\/uploads\/VALENS-SPONSORING-Aanvraag-Demande.xlsx\">formulaire<\/a>&nbsp;et l\u2019envoyer \u00e0&nbsp;<a rel=\"noreferrer noopener\" href=\"mailto:hr&#46;valens&#64;eiffage&#46;&#99;&#111;&#109;\" target=\"_blank\">&#99;&#x6f;n&#116;&#x61;c&#116;&#x2e;v&#x61;&#x6c;&#101;&#x6e;s&#64;&#x65;i&#102;&#x66;a&#x67;&#x65;&#46;&#x63;&#x6f;&#109;<\/a><\/strong><\/p>\n<\/div>\n\n\n\n<div class=\"wp-block-column is-layout-flow wp-block-column-is-layout-flow\">\t\t<div class=\"wpsisac-slick-slider-wrp wpsisac-clearfix \" data-conf=\"{&quot;dots&quot;:&quot;true&quot;,&quot;arrows&quot;:&quot;true&quot;,&quot;autoplay&quot;:&quot;true&quot;,&quot;autoplay_interval&quot;:3000,&quot;fade&quot;:&quot;false&quot;,&quot;lazyload&quot;:&quot;&quot;,&quot;speed&quot;:300,&quot;rtl&quot;:&quot;false&quot;,&quot;loop&quot;:&quot;true&quot;,&quot;hover_pause&quot;:&quot;true&quot;}\">\r\n\t\t\t<div id=\"wpsisac-slick-slider-1\" class=\"wpsisac-slick-init wpsisac-slick-slider design-1 \">\r\n\r\n\t\t\t\t<div class=\"wpsisac-image-slide\">\r\t<div class=\"wpsisac-slide-wrap\" style=\"\">\r\t\t\t\t\t<img decoding=\"async\"  src=\"https:\/\/art.eiffage.be\/wp-content\/uploads\/2022\/05\/b4k_logo_dark.png\" alt=\"\" \/>\r\t\t\t<\/div>\r<\/div><div class=\"wpsisac-image-slide\">\r\t<div class=\"wpsisac-slide-wrap\" style=\"\">\r\t\t\t\t\t<img decoding=\"async\"  src=\"https:\/\/art.eiffage.be\/wp-content\/uploads\/2022\/05\/12773132026666785.jpg\" alt=\"\" \/>\r\t\t\t<\/div>\r<\/div><div class=\"wpsisac-image-slide\">\r\t<div class=\"wpsisac-slide-wrap\" style=\"\">\r\t\t\t\t\t<img decoding=\"async\"  src=\"https:\/\/art.eiffage.be\/wp-content\/uploads\/2022\/05\/117025749_116678020138888_4266494077311144870_n.png\" alt=\"\" \/>\r\t\t\t<\/div>\r<\/div><div class=\"wpsisac-image-slide\">\r\t<div class=\"wpsisac-slide-wrap\" style=\"\">\r\t\t\t\t\t<img decoding=\"async\"  src=\"https:\/\/art.eiffage.be\/wp-content\/uploads\/2022\/05\/escalpade1.jpg\" alt=\"\" \/>\r\t\t\t<\/div>\r<\/div><div class=\"wpsisac-image-slide\">\r\t<div class=\"wpsisac-slide-wrap\" style=\"\">\r\t\t\t\t\t<img decoding=\"async\"  src=\"https:\/\/art.eiffage.be\/wp-content\/uploads\/2022\/05\/00000001.jpg\" alt=\"\" \/>\r\t\t\t<\/div>\r<\/div>\r\n\t\t\t<\/div>\r\n\t\t<\/div>\r\n\t\n<\/div>\n<\/div>\n","protected":false},"excerpt":{"rendered":"<p>Bienvenue chez ART Eiffage ! Nous sommes l\u00e0 pour r\u00e9aliser vos r\u00eaves de construction \u00ab&nbsp;ART est une entreprise g\u00e9n\u00e9rale de construction qui b\u00e9n\u00e9ficie d\u2019une exp\u00e9rience de plus de 25 ans dans toutes sortes de chantiers de r\u00e9novation. Notre activit\u00e9 se d\u00e9veloppe \u00e0 travers trois d\u00e9partements multidisciplinaires et compl\u00e9mentaires. Nos \u00e9quipes s\u2019adaptent \u00e0 chaque besoin sp\u00e9cifique. [&hellip;]<\/p>\n","protected":false},"author":1,"featured_media":0,"parent":0,"menu_order":48,"comment_status":"closed","ping_status":"closed","template":"","meta":{"footnotes":""},"class_list":["post-60","page","type-page","status-publish","hentry"],"_links":{"self":[{"href":"https:\/\/art.eiffage.be\/fr\/wp-json\/wp\/v2\/pages\/60","targetHints":{"allow":["GET"]}}],"collection":[{"href":"https:\/\/art.eiffage.be\/fr\/wp-json\/wp\/v2\/pages"}],"about":[{"href":"https:\/\/art.eiffage.be\/fr\/wp-json\/wp\/v2\/types\/page"}],"author":[{"embeddable":true,"href":"https:\/\/art.eiffage.be\/fr\/wp-json\/wp\/v2\/users\/1"}],"replies":[{"embeddable":true,"href":"https:\/\/art.eiffage.be\/fr\/wp-json\/wp\/v2\/comments?post=60"}],"version-history":[{"count":46,"href":"https:\/\/art.eiffage.be\/fr\/wp-json\/wp\/v2\/pages\/60\/revisions"}],"predecessor-version":[{"id":3923,"href":"https:\/\/art.eiffage.be\/fr\/wp-json\/wp\/v2\/pages\/60\/revisions\/3923"}],"wp:attachment":[{"href":"https:\/\/art.eiffage.be\/fr\/wp-json\/wp\/v2\/media?parent=60"}],"curies":[{"name":"wp","href":"https:\/\/api.w.org\/{rel}","templated":true}]}}