{"id":63,"date":"2017-02-24T10:41:08","date_gmt":"2017-02-24T10:41:08","guid":{"rendered":"http:\/\/valenseumh.cluster020.hosting.ovh.net\/?page_id=63\/"},"modified":"2022-11-01T08:11:12","modified_gmt":"2022-11-01T08:11:12","slug":"jobs","status":"publish","type":"page","link":"https:\/\/art.eiffage.be\/fr\/jobs\/","title":{"rendered":"Jobs"},"content":{"rendered":"\n\n\n<p><strong>VALENS<\/strong>, entreprise de construction bruxelloise de classe 8, est renomm\u00e9e pour sa longue exp\u00e9rience dans des missions de construction ambitieuses, ainsi que pour son travail de qualit\u00e9.<\/p>\n\n\n\n<p>En tant que membre du <strong>groupe Eiffage,<\/strong> nous sommes un acteur important dans le secteur de la construction, du g\u00e9nie civil et de la r\u00e9novation.<br>Les valeurs que nous cultivons font partie de notre identit\u00e9 et sont \u00e9galement attendues de chaque collaborateur qui rejoint la famille Valens ou Eiffage.<br>Si l\u2019exemplarit\u00e9, la responsabilit\u00e9, la transparence, la confiance, la lucidit\u00e9, le courage et la pugnacit\u00e9 sont \u00e9galement les valeurs auxquelles vous adh\u00e9rez, alors il y a de fortes chances que nous partagions la m\u00eame vision.<\/p>\n\n\n\n<p>Vous n\u2019avez pas trouv\u00e9 d\u2019offres d\u2019emploi correspondant \u00e0 vos attentes et souhaitez nous envoyer une candidature spontan\u00e9e ?<br>Vous \u00eates \u00e0 la recherche d\u2019un stage en entreprise&nbsp;?<a href=\"https:\/\/eiffage.hr-technologies.com\/content\/jobpage.asp\">&nbsp;Cliquez ici<\/a> pour voir les offres d\u2019emploi d\u2019EIFFAGE.<\/p>\n\n\n\n<\/br><\/br>\n\n\n\n<p><\/p>\n\n\n\n<div class=\"wp-block-buttons is-layout-flex wp-block-buttons-is-layout-flex\"><\/div>\n\n\n\n<div class=\"wp-block-buttons is-horizontal is-content-justification-center is-layout-flex wp-container-core-buttons-is-layout-499968f5 wp-block-buttons-is-layout-flex\">\n<div class=\"wp-block-button\"><a class=\"wp-block-button__link has-white-color has-text-color has-background\" href=\"https:\/\/www.valens.eu\/fr\/jobs\/\" style=\"background-color:#ff0000\" target=\"_blank\" rel=\"noreferrer noopener\">Voir nos offres d\u2019emploi sur Valens.eu<\/a><\/div>\n<\/div>\n\n\n\n<p><\/p>\n","protected":false},"excerpt":{"rendered":"<p>VALENS, entreprise de construction bruxelloise de classe 8, est renomm\u00e9e pour sa longue exp\u00e9rience dans des missions de construction ambitieuses, ainsi que pour son travail de qualit\u00e9. En tant que membre du groupe Eiffage, nous sommes un acteur important dans le secteur de la construction, du g\u00e9nie civil et de la r\u00e9novation.Les valeurs que nous [&hellip;]<\/p>\n","protected":false},"author":1,"featured_media":0,"parent":0,"menu_order":40,"comment_status":"closed","ping_status":"closed","template":"temp-jobs.php","meta":{"footnotes":""},"class_list":["post-63","page","type-page","status-publish","hentry"],"_links":{"self":[{"href":"https:\/\/art.eiffage.be\/fr\/wp-json\/wp\/v2\/pages\/63","targetHints":{"allow":["GET"]}}],"collection":[{"href":"https:\/\/art.eiffage.be\/fr\/wp-json\/wp\/v2\/pages"}],"about":[{"href":"https:\/\/art.eiffage.be\/fr\/wp-json\/wp\/v2\/types\/page"}],"author":[{"embeddable":true,"href":"https:\/\/art.eiffage.be\/fr\/wp-json\/wp\/v2\/users\/1"}],"replies":[{"embeddable":true,"href":"https:\/\/art.eiffage.be\/fr\/wp-json\/wp\/v2\/comments?post=63"}],"version-history":[{"count":26,"href":"https:\/\/art.eiffage.be\/fr\/wp-json\/wp\/v2\/pages\/63\/revisions"}],"predecessor-version":[{"id":3822,"href":"https:\/\/art.eiffage.be\/fr\/wp-json\/wp\/v2\/pages\/63\/revisions\/3822"}],"wp:attachment":[{"href":"https:\/\/art.eiffage.be\/fr\/wp-json\/wp\/v2\/media?parent=63"}],"curies":[{"name":"wp","href":"https:\/\/api.w.org\/{rel}","templated":true}]}}