{"id":76,"date":"2017-02-24T10:43:25","date_gmt":"2017-02-24T10:43:25","guid":{"rendered":"http:\/\/valenseumh.cluster020.hosting.ovh.net\/?page_id=76\/"},"modified":"2021-04-06T12:11:08","modified_gmt":"2021-04-06T12:11:08","slug":"organisation","status":"publish","type":"page","link":"https:\/\/art.eiffage.be\/fr\/presentation\/organisation\/","title":{"rendered":"Organisation"},"content":{"rendered":"\n<h2 class=\"wp-block-heading\">Une soci\u00e9t\u00e9 \u00e0 taille humaine, au sein d\u2019un grand groupe<\/h2>\n\n\n\n<p><strong>ART est une <a href=\"http:\/\/eiffagebenelux.be\/fr\/content\/organisation\" target=\"_blank\" rel=\"noreferrer noopener\"><u>succursale de Valens SA<\/u><\/a>, entreprise qui compte pr\u00e8s de 250 collaborateurs et qui est active dans le g\u00e9nie civil, la construction, la r\u00e9novation et la restauration, les travaux relatifs \u00e0 l\u2019environnement, le d\u00e9samiantage, l\u2019isolation et la r\u00e9sistance au feu.<\/strong><\/p>\n\n\n\n<h2 class=\"wp-block-heading\"><strong>Le Groupe Eiffage<\/strong><\/h2>\n\n\n\n<p>Valens SA fait partie de la holding belge Eiffage Benelux, filiale du groupe fran\u00e7ais Eiffage, un des leaders europ\u00e9ens du secteur de la construction. Avec 64.000 collaborateurs de par le monde et 100.000 chantiers chaque ann\u00e9e, Eiffage d\u00e9veloppe ses activit\u00e9s dans les m\u00e9tiers de la construction et de l\u2019immobilier, du g\u00e9nie civil, du m\u00e9tal, de la route, de l\u2019\u00e9nergie et des concessions.<a href=\"http:\/\/eiffagebenelux.be\/fr\/content\/organisation\"><strong>Cliquez ici pour visualiser la structure du groupe Eiffage<\/strong><\/a><\/p>\n","protected":false},"excerpt":{"rendered":"<p>Une soci\u00e9t\u00e9 \u00e0 taille humaine, au sein d\u2019un grand groupe ART est une succursale de Valens SA, entreprise qui compte pr\u00e8s de 250 collaborateurs et qui est active dans le g\u00e9nie civil, la construction, la r\u00e9novation et la restauration, les travaux relatifs \u00e0 l\u2019environnement, le d\u00e9samiantage, l\u2019isolation et la r\u00e9sistance au feu. Le Groupe Eiffage [&hellip;]<\/p>\n","protected":false},"author":1,"featured_media":0,"parent":67,"menu_order":5,"comment_status":"closed","ping_status":"closed","template":"","meta":{"footnotes":""},"class_list":["post-76","page","type-page","status-publish","hentry"],"_links":{"self":[{"href":"https:\/\/art.eiffage.be\/fr\/wp-json\/wp\/v2\/pages\/76","targetHints":{"allow":["GET"]}}],"collection":[{"href":"https:\/\/art.eiffage.be\/fr\/wp-json\/wp\/v2\/pages"}],"about":[{"href":"https:\/\/art.eiffage.be\/fr\/wp-json\/wp\/v2\/types\/page"}],"author":[{"embeddable":true,"href":"https:\/\/art.eiffage.be\/fr\/wp-json\/wp\/v2\/users\/1"}],"replies":[{"embeddable":true,"href":"https:\/\/art.eiffage.be\/fr\/wp-json\/wp\/v2\/comments?post=76"}],"version-history":[{"count":1,"href":"https:\/\/art.eiffage.be\/fr\/wp-json\/wp\/v2\/pages\/76\/revisions"}],"predecessor-version":[{"id":2846,"href":"https:\/\/art.eiffage.be\/fr\/wp-json\/wp\/v2\/pages\/76\/revisions\/2846"}],"up":[{"embeddable":true,"href":"https:\/\/art.eiffage.be\/fr\/wp-json\/wp\/v2\/pages\/67"}],"wp:attachment":[{"href":"https:\/\/art.eiffage.be\/fr\/wp-json\/wp\/v2\/media?parent=76"}],"curies":[{"name":"wp","href":"https:\/\/api.w.org\/{rel}","templated":true}]}}